{"id":9349,"date":"2025-11-04T23:41:25","date_gmt":"2025-11-05T05:41:25","guid":{"rendered":"https:\/\/soflowco.com\/?post_type=product&#038;p=9349"},"modified":"2025-12-17T13:44:13","modified_gmt":"2025-12-17T19:44:13","slug":"aceite-organico-de-mct-500mg","status":"publish","type":"product","link":"https:\/\/soflowco.com\/en\/product\/aceite-organico-de-mct-500mg\/","title":{"rendered":"MCT Organic Oil"},"content":{"rendered":"<h3>Main benefits of MCT oil<\/h3>\n<ul>\n<li>High absorption: the body metabolizes it faster than other fats.<\/li>\n<li>Light and easy to digest.<\/li>\n<li>Mild and neutral flavor, without intense coconut taste.<\/li>\n<li>Clear and thin texture.<\/li>\n<li>Purity and safety.<\/li>\n<li>Simple and clean ingredient, with short list of components.<\/li>\n<li>Refined to improve safety and stability.<\/li>\n<li>Ideal for people looking for products with minimal ingredients.<\/li>\n<\/ul>\n<h3>Recommended uses<\/h3>\n<ul>\n<li>Can be used as a base oil for wellness products.<\/li>\n<\/ul>\n<h3>Suitable for:<\/h3>\n<ul>\n<li>Coffee<\/li>\n<li>Smoothies<\/li>\n<li>Other daily preparations<\/li>\n<li>Culinary and functional use.<\/li>\n<\/ul>\n<h3>Relationship with CBD products (added value)<\/h3>\n<ul>\n<li>It is the preferred carrier oil for CBD because of its absorption capacity.<\/li>\n<li>Allows uniform and consistent dosing.<\/li>\n<li>Facilitates a more stable and predictable experience when used as a base.<\/li>\n<\/ul>","protected":false},"excerpt":{"rendered":"<p>Organic MCT oil is made from the oil expelled from the white meat of the coconut, which has been cut and oven-dried. Once the oil has been pressed, it is filtered and brought to a high temperature in order to neutralize odors and eliminate any germs.<\/p>","protected":false},"featured_media":9354,"template":"","meta":{"_joinchat":[]},"product_brand":[],"product_cat":[93],"product_tag":[],"class_list":{"0":"post-9349","1":"product","2":"type-product","3":"status-publish","4":"has-post-thumbnail","6":"product_cat-formula-exclusiva","8":"first","9":"instock","10":"taxable","11":"shipping-taxable","12":"purchasable","13":"product-type-simple"},"yoast_head":"<!-- This site is optimized with the Yoast SEO Premium plugin v24.0 (Yoast SEO v27.3) - https:\/\/yoast.com\/product\/yoast-seo-premium-wordpress\/ -->\n<title>Aceite \u00d3rg\u00e1nico de MCT - S\u00f6 Flow Co<\/title>\n<meta name=\"robots\" content=\"index, follow, max-snippet:-1, max-image-preview:large, max-video-preview:-1\" \/>\n<link rel=\"canonical\" href=\"https:\/\/soflowco.com\/en\/product\/aceite-organico-de-mct-500mg\/\" \/>\n<meta property=\"og:locale\" content=\"en_US\" \/>\n<meta property=\"og:type\" content=\"article\" \/>\n<meta property=\"og:title\" content=\"Aceite \u00d3rg\u00e1nico de MCT\" \/>\n<meta property=\"og:description\" content=\"El aceite MCT org\u00e1nico est\u00e1 hecho del aceite expulsado de la carne blanca del coco, la cual ha sido cortada y secada al horno. Una vez que el aceite ha sido prensado es filtrado y llevado a una temperatura alta con el fin de neutralizar olores y eliminar cualquier germen.\" \/>\n<meta property=\"og:url\" content=\"https:\/\/soflowco.com\/en\/product\/aceite-organico-de-mct-500mg\/\" \/>\n<meta property=\"og:site_name\" content=\"S\u00f6 Flow Co\" \/>\n<meta property=\"article:modified_time\" content=\"2025-12-17T19:44:13+00:00\" \/>\n<meta property=\"og:image\" content=\"https:\/\/soflowco.com\/wp-content\/uploads\/2025\/11\/MCT-500-1.jpg\" \/>\n\t<meta property=\"og:image:width\" content=\"1536\" \/>\n\t<meta property=\"og:image:height\" content=\"1536\" \/>\n\t<meta property=\"og:image:type\" content=\"image\/jpeg\" \/>\n<meta name=\"twitter:card\" content=\"summary_large_image\" \/>\n<meta name=\"twitter:label1\" content=\"Est. reading time\" \/>\n\t<meta name=\"twitter:data1\" content=\"1 minute\" \/>\n<script type=\"application\/ld+json\" class=\"yoast-schema-graph\">{\"@context\":\"https:\\\/\\\/schema.org\",\"@graph\":[{\"@type\":\"WebPage\",\"@id\":\"https:\\\/\\\/soflowco.com\\\/producto\\\/aceite-organico-de-mct-500mg\\\/\",\"url\":\"https:\\\/\\\/soflowco.com\\\/producto\\\/aceite-organico-de-mct-500mg\\\/\",\"name\":\"Aceite \u00d3rg\u00e1nico de MCT - S\u00f6 Flow Co\",\"isPartOf\":{\"@id\":\"https:\\\/\\\/soflowco.com\\\/#website\"},\"primaryImageOfPage\":{\"@id\":\"https:\\\/\\\/soflowco.com\\\/producto\\\/aceite-organico-de-mct-500mg\\\/#primaryimage\"},\"image\":{\"@id\":\"https:\\\/\\\/soflowco.com\\\/producto\\\/aceite-organico-de-mct-500mg\\\/#primaryimage\"},\"thumbnailUrl\":\"https:\\\/\\\/soflowco.com\\\/wp-content\\\/uploads\\\/2025\\\/11\\\/MCT-500-1.jpg\",\"datePublished\":\"2025-11-05T05:41:25+00:00\",\"dateModified\":\"2025-12-17T19:44:13+00:00\",\"breadcrumb\":{\"@id\":\"https:\\\/\\\/soflowco.com\\\/producto\\\/aceite-organico-de-mct-500mg\\\/#breadcrumb\"},\"inLanguage\":\"en-US\",\"potentialAction\":[{\"@type\":\"ReadAction\",\"target\":[\"https:\\\/\\\/soflowco.com\\\/producto\\\/aceite-organico-de-mct-500mg\\\/\"]}]},{\"@type\":\"ImageObject\",\"inLanguage\":\"en-US\",\"@id\":\"https:\\\/\\\/soflowco.com\\\/producto\\\/aceite-organico-de-mct-500mg\\\/#primaryimage\",\"url\":\"https:\\\/\\\/soflowco.com\\\/wp-content\\\/uploads\\\/2025\\\/11\\\/MCT-500-1.jpg\",\"contentUrl\":\"https:\\\/\\\/soflowco.com\\\/wp-content\\\/uploads\\\/2025\\\/11\\\/MCT-500-1.jpg\",\"width\":1536,\"height\":1536},{\"@type\":\"BreadcrumbList\",\"@id\":\"https:\\\/\\\/soflowco.com\\\/producto\\\/aceite-organico-de-mct-500mg\\\/#breadcrumb\",\"itemListElement\":[{\"@type\":\"ListItem\",\"position\":1,\"name\":\"Home\",\"item\":\"https:\\\/\\\/soflowco.com\\\/\"},{\"@type\":\"ListItem\",\"position\":2,\"name\":\"Tienda\",\"item\":\"https:\\\/\\\/soflowco.com\\\/tienda\\\/\"},{\"@type\":\"ListItem\",\"position\":3,\"name\":\"Aceite \u00d3rg\u00e1nico de MCT\"}]},{\"@type\":\"WebSite\",\"@id\":\"https:\\\/\\\/soflowco.com\\\/#website\",\"url\":\"https:\\\/\\\/soflowco.com\\\/\",\"name\":\"S\u00f6 Flow Co\",\"description\":\"CBD Supplements\",\"publisher\":{\"@id\":\"https:\\\/\\\/soflowco.com\\\/#organization\"},\"potentialAction\":[{\"@type\":\"SearchAction\",\"target\":{\"@type\":\"EntryPoint\",\"urlTemplate\":\"https:\\\/\\\/soflowco.com\\\/?s={search_term_string}\"},\"query-input\":{\"@type\":\"PropertyValueSpecification\",\"valueRequired\":true,\"valueName\":\"search_term_string\"}}],\"inLanguage\":\"en-US\"},{\"@type\":\"Organization\",\"@id\":\"https:\\\/\\\/soflowco.com\\\/#organization\",\"name\":\"S\u00f6 Flow Co\",\"url\":\"https:\\\/\\\/soflowco.com\\\/\",\"logo\":{\"@type\":\"ImageObject\",\"inLanguage\":\"en-US\",\"@id\":\"https:\\\/\\\/soflowco.com\\\/#\\\/schema\\\/logo\\\/image\\\/\",\"url\":\"https:\\\/\\\/soflowco.com\\\/wp-content\\\/uploads\\\/2021\\\/11\\\/Logo-home-200.jpg\",\"contentUrl\":\"https:\\\/\\\/soflowco.com\\\/wp-content\\\/uploads\\\/2021\\\/11\\\/Logo-home-200.jpg\",\"width\":200,\"height\":100,\"caption\":\"S\u00f6 Flow Co\"},\"image\":{\"@id\":\"https:\\\/\\\/soflowco.com\\\/#\\\/schema\\\/logo\\\/image\\\/\"}}]}<\/script>\n<!-- \/ Yoast SEO Premium plugin. -->","yoast_head_json":{"title":"Aceite \u00d3rg\u00e1nico de MCT - S\u00f6 Flow Co","robots":{"index":"index","follow":"follow","max-snippet":"max-snippet:-1","max-image-preview":"max-image-preview:large","max-video-preview":"max-video-preview:-1"},"canonical":"https:\/\/soflowco.com\/en\/product\/aceite-organico-de-mct-500mg\/","og_locale":"en_US","og_type":"article","og_title":"Aceite \u00d3rg\u00e1nico de MCT","og_description":"El aceite MCT org\u00e1nico est\u00e1 hecho del aceite expulsado de la carne blanca del coco, la cual ha sido cortada y secada al horno. Una vez que el aceite ha sido prensado es filtrado y llevado a una temperatura alta con el fin de neutralizar olores y eliminar cualquier germen.","og_url":"https:\/\/soflowco.com\/en\/product\/aceite-organico-de-mct-500mg\/","og_site_name":"S\u00f6 Flow Co","article_modified_time":"2025-12-17T19:44:13+00:00","og_image":[{"width":1536,"height":1536,"url":"https:\/\/soflowco.com\/wp-content\/uploads\/2025\/11\/MCT-500-1.jpg","type":"image\/jpeg"}],"twitter_card":"summary_large_image","twitter_misc":{"Est. reading time":"1 minute"},"schema":{"@context":"https:\/\/schema.org","@graph":[{"@type":"WebPage","@id":"https:\/\/soflowco.com\/producto\/aceite-organico-de-mct-500mg\/","url":"https:\/\/soflowco.com\/producto\/aceite-organico-de-mct-500mg\/","name":"Aceite \u00d3rg\u00e1nico de MCT - S\u00f6 Flow Co","isPartOf":{"@id":"https:\/\/soflowco.com\/#website"},"primaryImageOfPage":{"@id":"https:\/\/soflowco.com\/producto\/aceite-organico-de-mct-500mg\/#primaryimage"},"image":{"@id":"https:\/\/soflowco.com\/producto\/aceite-organico-de-mct-500mg\/#primaryimage"},"thumbnailUrl":"https:\/\/soflowco.com\/wp-content\/uploads\/2025\/11\/MCT-500-1.jpg","datePublished":"2025-11-05T05:41:25+00:00","dateModified":"2025-12-17T19:44:13+00:00","breadcrumb":{"@id":"https:\/\/soflowco.com\/producto\/aceite-organico-de-mct-500mg\/#breadcrumb"},"inLanguage":"en-US","potentialAction":[{"@type":"ReadAction","target":["https:\/\/soflowco.com\/producto\/aceite-organico-de-mct-500mg\/"]}]},{"@type":"ImageObject","inLanguage":"en-US","@id":"https:\/\/soflowco.com\/producto\/aceite-organico-de-mct-500mg\/#primaryimage","url":"https:\/\/soflowco.com\/wp-content\/uploads\/2025\/11\/MCT-500-1.jpg","contentUrl":"https:\/\/soflowco.com\/wp-content\/uploads\/2025\/11\/MCT-500-1.jpg","width":1536,"height":1536},{"@type":"BreadcrumbList","@id":"https:\/\/soflowco.com\/producto\/aceite-organico-de-mct-500mg\/#breadcrumb","itemListElement":[{"@type":"ListItem","position":1,"name":"Home","item":"https:\/\/soflowco.com\/"},{"@type":"ListItem","position":2,"name":"Tienda","item":"https:\/\/soflowco.com\/tienda\/"},{"@type":"ListItem","position":3,"name":"Aceite \u00d3rg\u00e1nico de MCT"}]},{"@type":"WebSite","@id":"https:\/\/soflowco.com\/#website","url":"https:\/\/soflowco.com\/","name":"S\u00f6 Flow Co","description":"CBD Supplements","publisher":{"@id":"https:\/\/soflowco.com\/#organization"},"potentialAction":[{"@type":"SearchAction","target":{"@type":"EntryPoint","urlTemplate":"https:\/\/soflowco.com\/?s={search_term_string}"},"query-input":{"@type":"PropertyValueSpecification","valueRequired":true,"valueName":"search_term_string"}}],"inLanguage":"en-US"},{"@type":"Organization","@id":"https:\/\/soflowco.com\/#organization","name":"S\u00f6 Flow Co","url":"https:\/\/soflowco.com\/","logo":{"@type":"ImageObject","inLanguage":"en-US","@id":"https:\/\/soflowco.com\/#\/schema\/logo\/image\/","url":"https:\/\/soflowco.com\/wp-content\/uploads\/2021\/11\/Logo-home-200.jpg","contentUrl":"https:\/\/soflowco.com\/wp-content\/uploads\/2021\/11\/Logo-home-200.jpg","width":200,"height":100,"caption":"S\u00f6 Flow Co"},"image":{"@id":"https:\/\/soflowco.com\/#\/schema\/logo\/image\/"}}]}},"_links":{"self":[{"href":"https:\/\/soflowco.com\/en\/wp-json\/wp\/v2\/product\/9349","targetHints":{"allow":["GET"]}}],"collection":[{"href":"https:\/\/soflowco.com\/en\/wp-json\/wp\/v2\/product"}],"about":[{"href":"https:\/\/soflowco.com\/en\/wp-json\/wp\/v2\/types\/product"}],"version-history":[{"count":3,"href":"https:\/\/soflowco.com\/en\/wp-json\/wp\/v2\/product\/9349\/revisions"}],"predecessor-version":[{"id":9378,"href":"https:\/\/soflowco.com\/en\/wp-json\/wp\/v2\/product\/9349\/revisions\/9378"}],"wp:featuredmedia":[{"embeddable":true,"href":"https:\/\/soflowco.com\/en\/wp-json\/wp\/v2\/media\/9354"}],"wp:attachment":[{"href":"https:\/\/soflowco.com\/en\/wp-json\/wp\/v2\/media?parent=9349"}],"wp:term":[{"taxonomy":"product_brand","embeddable":true,"href":"https:\/\/soflowco.com\/en\/wp-json\/wp\/v2\/product_brand?post=9349"},{"taxonomy":"product_cat","embeddable":true,"href":"https:\/\/soflowco.com\/en\/wp-json\/wp\/v2\/product_cat?post=9349"},{"taxonomy":"product_tag","embeddable":true,"href":"https:\/\/soflowco.com\/en\/wp-json\/wp\/v2\/product_tag?post=9349"}],"curies":[{"name":"wp","href":"https:\/\/api.w.org\/{rel}","templated":true}]}}