{"id":3449,"date":"2024-04-25T08:32:07","date_gmt":"2024-04-25T14:32:07","guid":{"rendered":"https:\/\/soflowco.com\/?post_type=product&#038;p=3449"},"modified":"2026-01-14T21:31:24","modified_gmt":"2026-01-15T03:31:24","slug":"aceite-de-cbd-amplio-espectro-con-8000-mg-de-cbd","status":"publish","type":"product","link":"https:\/\/soflowco.com\/en\/product\/aceite-de-cbd-amplio-espectro-con-8000-mg-de-cbd\/","title":{"rendered":"Broad Spectrum CBD Oil with 8000 mg of CBD"},"content":{"rendered":"<h2>Features<\/h2>\n<ul>\n<li>8000 mg total CBD (\u2248267 mg per mL) for superior potency and consistent results.<\/li>\n<li>Made with broad spectrum hemp extract and high purity organic MCT oil.<\/li>\n<li>Powerful, clean and fast absorbing, with a naturally mild flavor.<\/li>\n<li>Enriched with terpenes and phytocannabinoids that enhance a complete and balanced effect.<\/li>\n<li>THC-free, non-GMO and laboratory tested to ensure safety and efficacy.<\/li>\n<\/ul>\n<h3>Ideal for<\/h3>\n<p>Designed for experienced users, athletes or individuals who require intensive support and solid results. Perfect for those facing high levels of stress, recurring discomfort or looking to maintain superior physical and mental performance with minimal doses.<\/p>","protected":false},"excerpt":{"rendered":"<p>Experience the ultimate strength of wellness with our 8000 mg CBD oil, an <strong>elite formula<\/strong> and ultra-concentrated. Made with broad spectrum CBD distillate and organic MCT oil, it offers comprehensive support and potent results with every drop. Ideal for those seeking optimal performance and total balance with less dosage.<\/p>","protected":false},"featured_media":3450,"template":"","meta":{"_joinchat":[]},"product_brand":[],"product_cat":[71],"product_tag":[],"class_list":{"0":"post-3449","1":"product","2":"type-product","3":"status-publish","4":"has-post-thumbnail","6":"product_cat-the-golds-esp","8":"first","9":"instock","10":"taxable","11":"shipping-taxable","12":"purchasable","13":"product-type-simple"},"yoast_head":"<!-- This site is optimized with the Yoast SEO Premium plugin v24.0 (Yoast SEO v27.3) - https:\/\/yoast.com\/product\/yoast-seo-premium-wordpress\/ -->\n<title>Aceite de CBD Amplio Espectro con 8000 mg de CBD - S\u00f6 Flow Co<\/title>\n<meta name=\"description\" content=\"Aceite de CBD Amplio Espectro con 8000 mg de CBD: f\u00f3rmula \u00e9lite ultra concentrada para m\u00e1ximo bienestar, rendimiento y equilibrio diario.\" \/>\n<meta name=\"robots\" content=\"index, follow, max-snippet:-1, max-image-preview:large, max-video-preview:-1\" \/>\n<link rel=\"canonical\" href=\"https:\/\/soflowco.com\/en\/product\/aceite-de-cbd-amplio-espectro-con-8000-mg-de-cbd\/\" \/>\n<meta property=\"og:locale\" content=\"en_US\" \/>\n<meta property=\"og:type\" content=\"article\" \/>\n<meta property=\"og:title\" content=\"Aceite de CBD Amplio Espectro con 8000 mg de CBD\" \/>\n<meta property=\"og:description\" content=\"Aceite de CBD Amplio Espectro con 8000 mg de CBD: f\u00f3rmula \u00e9lite ultra concentrada para m\u00e1ximo bienestar, rendimiento y equilibrio diario.\" \/>\n<meta property=\"og:url\" content=\"https:\/\/soflowco.com\/en\/product\/aceite-de-cbd-amplio-espectro-con-8000-mg-de-cbd\/\" \/>\n<meta property=\"og:site_name\" content=\"S\u00f6 Flow Co\" \/>\n<meta property=\"article:modified_time\" content=\"2026-01-15T03:31:24+00:00\" \/>\n<meta property=\"og:image\" content=\"https:\/\/soflowco.com\/wp-content\/uploads\/2024\/04\/So-flow-8000.png\" \/>\n\t<meta property=\"og:image:width\" content=\"2500\" \/>\n\t<meta property=\"og:image:height\" content=\"2500\" \/>\n\t<meta property=\"og:image:type\" content=\"image\/png\" \/>\n<meta name=\"twitter:card\" content=\"summary_large_image\" \/>\n<meta name=\"twitter:label1\" content=\"Est. reading time\" \/>\n\t<meta name=\"twitter:data1\" content=\"1 minute\" \/>\n<script type=\"application\/ld+json\" class=\"yoast-schema-graph\">{\"@context\":\"https:\\\/\\\/schema.org\",\"@graph\":[{\"@type\":\"WebPage\",\"@id\":\"https:\\\/\\\/soflowco.com\\\/producto\\\/aceite-de-cbd-amplio-espectro-con-8000-mg-de-cbd\\\/\",\"url\":\"https:\\\/\\\/soflowco.com\\\/producto\\\/aceite-de-cbd-amplio-espectro-con-8000-mg-de-cbd\\\/\",\"name\":\"Aceite de CBD Amplio Espectro con 8000 mg de CBD - S\u00f6 Flow Co\",\"isPartOf\":{\"@id\":\"https:\\\/\\\/soflowco.com\\\/#website\"},\"primaryImageOfPage\":{\"@id\":\"https:\\\/\\\/soflowco.com\\\/producto\\\/aceite-de-cbd-amplio-espectro-con-8000-mg-de-cbd\\\/#primaryimage\"},\"image\":{\"@id\":\"https:\\\/\\\/soflowco.com\\\/producto\\\/aceite-de-cbd-amplio-espectro-con-8000-mg-de-cbd\\\/#primaryimage\"},\"thumbnailUrl\":\"https:\\\/\\\/soflowco.com\\\/wp-content\\\/uploads\\\/2024\\\/04\\\/So-flow-8000.png\",\"datePublished\":\"2024-04-25T14:32:07+00:00\",\"dateModified\":\"2026-01-15T03:31:24+00:00\",\"description\":\"Aceite de CBD Amplio Espectro con 8000 mg de CBD: f\u00f3rmula \u00e9lite ultra concentrada para m\u00e1ximo bienestar, rendimiento y equilibrio diario.\",\"breadcrumb\":{\"@id\":\"https:\\\/\\\/soflowco.com\\\/producto\\\/aceite-de-cbd-amplio-espectro-con-8000-mg-de-cbd\\\/#breadcrumb\"},\"inLanguage\":\"en-US\",\"potentialAction\":[{\"@type\":\"ReadAction\",\"target\":[\"https:\\\/\\\/soflowco.com\\\/producto\\\/aceite-de-cbd-amplio-espectro-con-8000-mg-de-cbd\\\/\"]}]},{\"@type\":\"ImageObject\",\"inLanguage\":\"en-US\",\"@id\":\"https:\\\/\\\/soflowco.com\\\/producto\\\/aceite-de-cbd-amplio-espectro-con-8000-mg-de-cbd\\\/#primaryimage\",\"url\":\"https:\\\/\\\/soflowco.com\\\/wp-content\\\/uploads\\\/2024\\\/04\\\/So-flow-8000.png\",\"contentUrl\":\"https:\\\/\\\/soflowco.com\\\/wp-content\\\/uploads\\\/2024\\\/04\\\/So-flow-8000.png\",\"width\":2500,\"height\":2500,\"caption\":\"Aceite de CBD Amplio Espectro con 8000 mg de CBD\"},{\"@type\":\"BreadcrumbList\",\"@id\":\"https:\\\/\\\/soflowco.com\\\/producto\\\/aceite-de-cbd-amplio-espectro-con-8000-mg-de-cbd\\\/#breadcrumb\",\"itemListElement\":[{\"@type\":\"ListItem\",\"position\":1,\"name\":\"Home\",\"item\":\"https:\\\/\\\/soflowco.com\\\/\"},{\"@type\":\"ListItem\",\"position\":2,\"name\":\"Tienda\",\"item\":\"https:\\\/\\\/soflowco.com\\\/tienda\\\/\"},{\"@type\":\"ListItem\",\"position\":3,\"name\":\"Aceite de CBD Amplio Espectro con 8000 mg de CBD\"}]},{\"@type\":\"WebSite\",\"@id\":\"https:\\\/\\\/soflowco.com\\\/#website\",\"url\":\"https:\\\/\\\/soflowco.com\\\/\",\"name\":\"S\u00f6 Flow Co\",\"description\":\"CBD Supplements\",\"publisher\":{\"@id\":\"https:\\\/\\\/soflowco.com\\\/#organization\"},\"potentialAction\":[{\"@type\":\"SearchAction\",\"target\":{\"@type\":\"EntryPoint\",\"urlTemplate\":\"https:\\\/\\\/soflowco.com\\\/?s={search_term_string}\"},\"query-input\":{\"@type\":\"PropertyValueSpecification\",\"valueRequired\":true,\"valueName\":\"search_term_string\"}}],\"inLanguage\":\"en-US\"},{\"@type\":\"Organization\",\"@id\":\"https:\\\/\\\/soflowco.com\\\/#organization\",\"name\":\"S\u00f6 Flow Co\",\"url\":\"https:\\\/\\\/soflowco.com\\\/\",\"logo\":{\"@type\":\"ImageObject\",\"inLanguage\":\"en-US\",\"@id\":\"https:\\\/\\\/soflowco.com\\\/#\\\/schema\\\/logo\\\/image\\\/\",\"url\":\"https:\\\/\\\/soflowco.com\\\/wp-content\\\/uploads\\\/2021\\\/11\\\/Logo-home-200.jpg\",\"contentUrl\":\"https:\\\/\\\/soflowco.com\\\/wp-content\\\/uploads\\\/2021\\\/11\\\/Logo-home-200.jpg\",\"width\":200,\"height\":100,\"caption\":\"S\u00f6 Flow Co\"},\"image\":{\"@id\":\"https:\\\/\\\/soflowco.com\\\/#\\\/schema\\\/logo\\\/image\\\/\"}}]}<\/script>\n<!-- \/ Yoast SEO Premium plugin. -->","yoast_head_json":{"title":"Broad Spectrum CBD Oil with 8000 mg of CBD - S\u00f6 Flow Co.","description":"Aceite de CBD Amplio Espectro con 8000 mg de CBD: f\u00f3rmula \u00e9lite ultra concentrada para m\u00e1ximo bienestar, rendimiento y equilibrio diario.","robots":{"index":"index","follow":"follow","max-snippet":"max-snippet:-1","max-image-preview":"max-image-preview:large","max-video-preview":"max-video-preview:-1"},"canonical":"https:\/\/soflowco.com\/en\/product\/aceite-de-cbd-amplio-espectro-con-8000-mg-de-cbd\/","og_locale":"en_US","og_type":"article","og_title":"Aceite de CBD Amplio Espectro con 8000 mg de CBD","og_description":"Aceite de CBD Amplio Espectro con 8000 mg de CBD: f\u00f3rmula \u00e9lite ultra concentrada para m\u00e1ximo bienestar, rendimiento y equilibrio diario.","og_url":"https:\/\/soflowco.com\/en\/product\/aceite-de-cbd-amplio-espectro-con-8000-mg-de-cbd\/","og_site_name":"S\u00f6 Flow Co","article_modified_time":"2026-01-15T03:31:24+00:00","og_image":[{"width":2500,"height":2500,"url":"https:\/\/soflowco.com\/wp-content\/uploads\/2024\/04\/So-flow-8000.png","type":"image\/png"}],"twitter_card":"summary_large_image","twitter_misc":{"Est. reading time":"1 minute"},"schema":{"@context":"https:\/\/schema.org","@graph":[{"@type":"WebPage","@id":"https:\/\/soflowco.com\/producto\/aceite-de-cbd-amplio-espectro-con-8000-mg-de-cbd\/","url":"https:\/\/soflowco.com\/producto\/aceite-de-cbd-amplio-espectro-con-8000-mg-de-cbd\/","name":"Broad Spectrum CBD Oil with 8000 mg of CBD - S\u00f6 Flow Co.","isPartOf":{"@id":"https:\/\/soflowco.com\/#website"},"primaryImageOfPage":{"@id":"https:\/\/soflowco.com\/producto\/aceite-de-cbd-amplio-espectro-con-8000-mg-de-cbd\/#primaryimage"},"image":{"@id":"https:\/\/soflowco.com\/producto\/aceite-de-cbd-amplio-espectro-con-8000-mg-de-cbd\/#primaryimage"},"thumbnailUrl":"https:\/\/soflowco.com\/wp-content\/uploads\/2024\/04\/So-flow-8000.png","datePublished":"2024-04-25T14:32:07+00:00","dateModified":"2026-01-15T03:31:24+00:00","description":"Aceite de CBD Amplio Espectro con 8000 mg de CBD: f\u00f3rmula \u00e9lite ultra concentrada para m\u00e1ximo bienestar, rendimiento y equilibrio diario.","breadcrumb":{"@id":"https:\/\/soflowco.com\/producto\/aceite-de-cbd-amplio-espectro-con-8000-mg-de-cbd\/#breadcrumb"},"inLanguage":"en-US","potentialAction":[{"@type":"ReadAction","target":["https:\/\/soflowco.com\/producto\/aceite-de-cbd-amplio-espectro-con-8000-mg-de-cbd\/"]}]},{"@type":"ImageObject","inLanguage":"en-US","@id":"https:\/\/soflowco.com\/producto\/aceite-de-cbd-amplio-espectro-con-8000-mg-de-cbd\/#primaryimage","url":"https:\/\/soflowco.com\/wp-content\/uploads\/2024\/04\/So-flow-8000.png","contentUrl":"https:\/\/soflowco.com\/wp-content\/uploads\/2024\/04\/So-flow-8000.png","width":2500,"height":2500,"caption":"Aceite de CBD Amplio Espectro con 8000 mg de CBD"},{"@type":"BreadcrumbList","@id":"https:\/\/soflowco.com\/producto\/aceite-de-cbd-amplio-espectro-con-8000-mg-de-cbd\/#breadcrumb","itemListElement":[{"@type":"ListItem","position":1,"name":"Home","item":"https:\/\/soflowco.com\/"},{"@type":"ListItem","position":2,"name":"Tienda","item":"https:\/\/soflowco.com\/tienda\/"},{"@type":"ListItem","position":3,"name":"Aceite de CBD Amplio Espectro con 8000 mg de CBD"}]},{"@type":"WebSite","@id":"https:\/\/soflowco.com\/#website","url":"https:\/\/soflowco.com\/","name":"S\u00f6 Flow Co","description":"CBD Supplements","publisher":{"@id":"https:\/\/soflowco.com\/#organization"},"potentialAction":[{"@type":"SearchAction","target":{"@type":"EntryPoint","urlTemplate":"https:\/\/soflowco.com\/?s={search_term_string}"},"query-input":{"@type":"PropertyValueSpecification","valueRequired":true,"valueName":"search_term_string"}}],"inLanguage":"en-US"},{"@type":"Organization","@id":"https:\/\/soflowco.com\/#organization","name":"S\u00f6 Flow Co","url":"https:\/\/soflowco.com\/","logo":{"@type":"ImageObject","inLanguage":"en-US","@id":"https:\/\/soflowco.com\/#\/schema\/logo\/image\/","url":"https:\/\/soflowco.com\/wp-content\/uploads\/2021\/11\/Logo-home-200.jpg","contentUrl":"https:\/\/soflowco.com\/wp-content\/uploads\/2021\/11\/Logo-home-200.jpg","width":200,"height":100,"caption":"S\u00f6 Flow Co"},"image":{"@id":"https:\/\/soflowco.com\/#\/schema\/logo\/image\/"}}]}},"_links":{"self":[{"href":"https:\/\/soflowco.com\/en\/wp-json\/wp\/v2\/product\/3449","targetHints":{"allow":["GET"]}}],"collection":[{"href":"https:\/\/soflowco.com\/en\/wp-json\/wp\/v2\/product"}],"about":[{"href":"https:\/\/soflowco.com\/en\/wp-json\/wp\/v2\/types\/product"}],"version-history":[{"count":2,"href":"https:\/\/soflowco.com\/en\/wp-json\/wp\/v2\/product\/3449\/revisions"}],"predecessor-version":[{"id":9340,"href":"https:\/\/soflowco.com\/en\/wp-json\/wp\/v2\/product\/3449\/revisions\/9340"}],"wp:featuredmedia":[{"embeddable":true,"href":"https:\/\/soflowco.com\/en\/wp-json\/wp\/v2\/media\/3450"}],"wp:attachment":[{"href":"https:\/\/soflowco.com\/en\/wp-json\/wp\/v2\/media?parent=3449"}],"wp:term":[{"taxonomy":"product_brand","embeddable":true,"href":"https:\/\/soflowco.com\/en\/wp-json\/wp\/v2\/product_brand?post=3449"},{"taxonomy":"product_cat","embeddable":true,"href":"https:\/\/soflowco.com\/en\/wp-json\/wp\/v2\/product_cat?post=3449"},{"taxonomy":"product_tag","embeddable":true,"href":"https:\/\/soflowco.com\/en\/wp-json\/wp\/v2\/product_tag?post=3449"}],"curies":[{"name":"wp","href":"https:\/\/api.w.org\/{rel}","templated":true}]}}