{"id":3348,"date":"2021-11-29T09:50:33","date_gmt":"2021-11-29T15:50:33","guid":{"rendered":"https:\/\/soflowco.com\/?post_type=product&#038;p=3348"},"modified":"2025-10-29T09:24:12","modified_gmt":"2025-10-29T15:24:12","slug":"aceite-de-cbd-amplio-espectro-con-400-mg-de-cbd","status":"publish","type":"product","link":"https:\/\/soflowco.com\/en\/product\/aceite-de-cbd-amplio-espectro-con-400-mg-de-cbd\/","title":{"rendered":"CBD Oil Broad Spectrum with 400 mg of CBD"},"content":{"rendered":"<h3 data-start=\"818\" data-end=\"840\"><strong data-start=\"818\" data-end=\"838\">Characteristics:<\/strong><\/h3>\n<ul>\n<li data-start=\"843\" data-end=\"921\">400 mg total CBD (\u224813 mg per mL) for a balanced and effective dose.<\/li>\n<li data-start=\"843\" data-end=\"921\">Made with broad spectrum CBD distillate and high purity organic MCT oil.<\/li>\n<li data-start=\"843\" data-end=\"921\">Naturally enriched with phytocannabinoids, terpenes and flavonoids.<\/li>\n<li data-start=\"843\" data-end=\"921\">THC-free, non-GMO and derived from whole plant hemp.<\/li>\n<li data-start=\"843\" data-end=\"921\">Mild and clean flavor, without artificial additives.<\/li>\n<\/ul>\n<p>&nbsp;<\/p>\n<h3><strong data-start=\"475\" data-end=\"490\">Ideal for:<\/strong><\/h3>\n<p>Perfect for those just starting out with CBD, people with small complexions or those looking for a light daily wellness boost. It's a clean, balanced and gentle starting option that helps maintain calm and well-being throughout the day.<\/p>","protected":false},"excerpt":{"rendered":"<p>Start your day with our 400 mg CBD oil, a gentle, affordable and natural formula. Made with broad-spectrum CBD distillate and organic MCT oil, it offers the ideal dose to promote focus, balance and well-being. Its purity and quality make it a reliable and ideal choice for daily use.<\/p>","protected":false},"featured_media":3349,"template":"","meta":{"_joinchat":[]},"product_brand":[],"product_cat":[71],"product_tag":[],"class_list":{"0":"post-3348","1":"product","2":"type-product","3":"status-publish","4":"has-post-thumbnail","6":"product_cat-the-golds-esp","8":"first","9":"instock","10":"taxable","11":"shipping-taxable","12":"purchasable","13":"product-type-simple"},"yoast_head":"<!-- This site is optimized with the Yoast SEO Premium plugin v24.0 (Yoast SEO v27.3) - https:\/\/yoast.com\/product\/yoast-seo-premium-wordpress\/ -->\n<title>Aceite de CBD Amplio Espectro con 400 mg de CBD - S\u00f6 Flow Co<\/title>\n<meta name=\"description\" content=\"Aceite de CBD Amplio Espectro con 400 mg de CBD: un opci\u00f3n ideal para fomentar el bienestar, equilibrio y concentraci\u00f3n. Uso diario.\" \/>\n<meta name=\"robots\" content=\"index, follow, max-snippet:-1, max-image-preview:large, max-video-preview:-1\" \/>\n<link rel=\"canonical\" href=\"https:\/\/soflowco.com\/en\/product\/aceite-de-cbd-amplio-espectro-con-400-mg-de-cbd\/\" \/>\n<meta property=\"og:locale\" content=\"en_US\" \/>\n<meta property=\"og:type\" content=\"article\" \/>\n<meta property=\"og:title\" content=\"Aceite de CBD Amplio Espectro con 400 mg de CBD\" \/>\n<meta property=\"og:description\" content=\"Aceite de CBD Amplio Espectro con 400 mg de CBD: un opci\u00f3n ideal para fomentar el bienestar, equilibrio y concentraci\u00f3n. Uso diario.\" \/>\n<meta property=\"og:url\" content=\"https:\/\/soflowco.com\/en\/product\/aceite-de-cbd-amplio-espectro-con-400-mg-de-cbd\/\" \/>\n<meta property=\"og:site_name\" content=\"S\u00f6 Flow Co\" \/>\n<meta property=\"article:modified_time\" content=\"2025-10-29T15:24:12+00:00\" \/>\n<meta property=\"og:image\" content=\"https:\/\/soflowco.com\/wp-content\/uploads\/2023\/09\/SFC_400_MOCKUP.jpg\" \/>\n\t<meta property=\"og:image:width\" content=\"1200\" \/>\n\t<meta property=\"og:image:height\" content=\"1200\" \/>\n\t<meta property=\"og:image:type\" content=\"image\/jpeg\" \/>\n<meta name=\"twitter:card\" content=\"summary_large_image\" \/>\n<meta name=\"twitter:label1\" content=\"Est. reading time\" \/>\n\t<meta name=\"twitter:data1\" content=\"1 minute\" \/>\n<script type=\"application\/ld+json\" class=\"yoast-schema-graph\">{\"@context\":\"https:\\\/\\\/schema.org\",\"@graph\":[{\"@type\":\"WebPage\",\"@id\":\"https:\\\/\\\/soflowco.com\\\/producto\\\/aceite-de-cbd-amplio-espectro-con-400-mg-de-cbd\\\/\",\"url\":\"https:\\\/\\\/soflowco.com\\\/producto\\\/aceite-de-cbd-amplio-espectro-con-400-mg-de-cbd\\\/\",\"name\":\"Aceite de CBD Amplio Espectro con 400 mg de CBD - S\u00f6 Flow Co\",\"isPartOf\":{\"@id\":\"https:\\\/\\\/soflowco.com\\\/#website\"},\"primaryImageOfPage\":{\"@id\":\"https:\\\/\\\/soflowco.com\\\/producto\\\/aceite-de-cbd-amplio-espectro-con-400-mg-de-cbd\\\/#primaryimage\"},\"image\":{\"@id\":\"https:\\\/\\\/soflowco.com\\\/producto\\\/aceite-de-cbd-amplio-espectro-con-400-mg-de-cbd\\\/#primaryimage\"},\"thumbnailUrl\":\"https:\\\/\\\/soflowco.com\\\/wp-content\\\/uploads\\\/2023\\\/09\\\/SFC_400_MOCKUP.jpg\",\"datePublished\":\"2021-11-29T15:50:33+00:00\",\"dateModified\":\"2025-10-29T15:24:12+00:00\",\"description\":\"Aceite de CBD Amplio Espectro con 400 mg de CBD: un opci\u00f3n ideal para fomentar el bienestar, equilibrio y concentraci\u00f3n. Uso diario.\",\"breadcrumb\":{\"@id\":\"https:\\\/\\\/soflowco.com\\\/producto\\\/aceite-de-cbd-amplio-espectro-con-400-mg-de-cbd\\\/#breadcrumb\"},\"inLanguage\":\"en-US\",\"potentialAction\":[{\"@type\":\"ReadAction\",\"target\":[\"https:\\\/\\\/soflowco.com\\\/producto\\\/aceite-de-cbd-amplio-espectro-con-400-mg-de-cbd\\\/\"]}]},{\"@type\":\"ImageObject\",\"inLanguage\":\"en-US\",\"@id\":\"https:\\\/\\\/soflowco.com\\\/producto\\\/aceite-de-cbd-amplio-espectro-con-400-mg-de-cbd\\\/#primaryimage\",\"url\":\"https:\\\/\\\/soflowco.com\\\/wp-content\\\/uploads\\\/2023\\\/09\\\/SFC_400_MOCKUP.jpg\",\"contentUrl\":\"https:\\\/\\\/soflowco.com\\\/wp-content\\\/uploads\\\/2023\\\/09\\\/SFC_400_MOCKUP.jpg\",\"width\":1200,\"height\":1200},{\"@type\":\"BreadcrumbList\",\"@id\":\"https:\\\/\\\/soflowco.com\\\/producto\\\/aceite-de-cbd-amplio-espectro-con-400-mg-de-cbd\\\/#breadcrumb\",\"itemListElement\":[{\"@type\":\"ListItem\",\"position\":1,\"name\":\"Home\",\"item\":\"https:\\\/\\\/soflowco.com\\\/\"},{\"@type\":\"ListItem\",\"position\":2,\"name\":\"Tienda\",\"item\":\"https:\\\/\\\/soflowco.com\\\/tienda\\\/\"},{\"@type\":\"ListItem\",\"position\":3,\"name\":\"Aceite de CBD Amplio Espectro con 400 mg de CBD\"}]},{\"@type\":\"WebSite\",\"@id\":\"https:\\\/\\\/soflowco.com\\\/#website\",\"url\":\"https:\\\/\\\/soflowco.com\\\/\",\"name\":\"S\u00f6 Flow Co\",\"description\":\"CBD Supplements\",\"publisher\":{\"@id\":\"https:\\\/\\\/soflowco.com\\\/#organization\"},\"potentialAction\":[{\"@type\":\"SearchAction\",\"target\":{\"@type\":\"EntryPoint\",\"urlTemplate\":\"https:\\\/\\\/soflowco.com\\\/?s={search_term_string}\"},\"query-input\":{\"@type\":\"PropertyValueSpecification\",\"valueRequired\":true,\"valueName\":\"search_term_string\"}}],\"inLanguage\":\"en-US\"},{\"@type\":\"Organization\",\"@id\":\"https:\\\/\\\/soflowco.com\\\/#organization\",\"name\":\"S\u00f6 Flow Co\",\"url\":\"https:\\\/\\\/soflowco.com\\\/\",\"logo\":{\"@type\":\"ImageObject\",\"inLanguage\":\"en-US\",\"@id\":\"https:\\\/\\\/soflowco.com\\\/#\\\/schema\\\/logo\\\/image\\\/\",\"url\":\"https:\\\/\\\/soflowco.com\\\/wp-content\\\/uploads\\\/2021\\\/11\\\/Logo-home-200.jpg\",\"contentUrl\":\"https:\\\/\\\/soflowco.com\\\/wp-content\\\/uploads\\\/2021\\\/11\\\/Logo-home-200.jpg\",\"width\":200,\"height\":100,\"caption\":\"S\u00f6 Flow Co\"},\"image\":{\"@id\":\"https:\\\/\\\/soflowco.com\\\/#\\\/schema\\\/logo\\\/image\\\/\"}}]}<\/script>\n<!-- \/ Yoast SEO Premium plugin. -->","yoast_head_json":{"title":"Aceite de CBD Amplio Espectro con 400 mg de CBD - S\u00f6 Flow Co","description":"Aceite de CBD Amplio Espectro con 400 mg de CBD: un opci\u00f3n ideal para fomentar el bienestar, equilibrio y concentraci\u00f3n. Uso diario.","robots":{"index":"index","follow":"follow","max-snippet":"max-snippet:-1","max-image-preview":"max-image-preview:large","max-video-preview":"max-video-preview:-1"},"canonical":"https:\/\/soflowco.com\/en\/product\/aceite-de-cbd-amplio-espectro-con-400-mg-de-cbd\/","og_locale":"en_US","og_type":"article","og_title":"Aceite de CBD Amplio Espectro con 400 mg de CBD","og_description":"Aceite de CBD Amplio Espectro con 400 mg de CBD: un opci\u00f3n ideal para fomentar el bienestar, equilibrio y concentraci\u00f3n. Uso diario.","og_url":"https:\/\/soflowco.com\/en\/product\/aceite-de-cbd-amplio-espectro-con-400-mg-de-cbd\/","og_site_name":"S\u00f6 Flow Co","article_modified_time":"2025-10-29T15:24:12+00:00","og_image":[{"width":1200,"height":1200,"url":"https:\/\/soflowco.com\/wp-content\/uploads\/2023\/09\/SFC_400_MOCKUP.jpg","type":"image\/jpeg"}],"twitter_card":"summary_large_image","twitter_misc":{"Est. reading time":"1 minute"},"schema":{"@context":"https:\/\/schema.org","@graph":[{"@type":"WebPage","@id":"https:\/\/soflowco.com\/producto\/aceite-de-cbd-amplio-espectro-con-400-mg-de-cbd\/","url":"https:\/\/soflowco.com\/producto\/aceite-de-cbd-amplio-espectro-con-400-mg-de-cbd\/","name":"Aceite de CBD Amplio Espectro con 400 mg de CBD - S\u00f6 Flow Co","isPartOf":{"@id":"https:\/\/soflowco.com\/#website"},"primaryImageOfPage":{"@id":"https:\/\/soflowco.com\/producto\/aceite-de-cbd-amplio-espectro-con-400-mg-de-cbd\/#primaryimage"},"image":{"@id":"https:\/\/soflowco.com\/producto\/aceite-de-cbd-amplio-espectro-con-400-mg-de-cbd\/#primaryimage"},"thumbnailUrl":"https:\/\/soflowco.com\/wp-content\/uploads\/2023\/09\/SFC_400_MOCKUP.jpg","datePublished":"2021-11-29T15:50:33+00:00","dateModified":"2025-10-29T15:24:12+00:00","description":"Aceite de CBD Amplio Espectro con 400 mg de CBD: un opci\u00f3n ideal para fomentar el bienestar, equilibrio y concentraci\u00f3n. Uso diario.","breadcrumb":{"@id":"https:\/\/soflowco.com\/producto\/aceite-de-cbd-amplio-espectro-con-400-mg-de-cbd\/#breadcrumb"},"inLanguage":"en-US","potentialAction":[{"@type":"ReadAction","target":["https:\/\/soflowco.com\/producto\/aceite-de-cbd-amplio-espectro-con-400-mg-de-cbd\/"]}]},{"@type":"ImageObject","inLanguage":"en-US","@id":"https:\/\/soflowco.com\/producto\/aceite-de-cbd-amplio-espectro-con-400-mg-de-cbd\/#primaryimage","url":"https:\/\/soflowco.com\/wp-content\/uploads\/2023\/09\/SFC_400_MOCKUP.jpg","contentUrl":"https:\/\/soflowco.com\/wp-content\/uploads\/2023\/09\/SFC_400_MOCKUP.jpg","width":1200,"height":1200},{"@type":"BreadcrumbList","@id":"https:\/\/soflowco.com\/producto\/aceite-de-cbd-amplio-espectro-con-400-mg-de-cbd\/#breadcrumb","itemListElement":[{"@type":"ListItem","position":1,"name":"Home","item":"https:\/\/soflowco.com\/"},{"@type":"ListItem","position":2,"name":"Tienda","item":"https:\/\/soflowco.com\/tienda\/"},{"@type":"ListItem","position":3,"name":"Aceite de CBD Amplio Espectro con 400 mg de CBD"}]},{"@type":"WebSite","@id":"https:\/\/soflowco.com\/#website","url":"https:\/\/soflowco.com\/","name":"S\u00f6 Flow Co","description":"CBD Supplements","publisher":{"@id":"https:\/\/soflowco.com\/#organization"},"potentialAction":[{"@type":"SearchAction","target":{"@type":"EntryPoint","urlTemplate":"https:\/\/soflowco.com\/?s={search_term_string}"},"query-input":{"@type":"PropertyValueSpecification","valueRequired":true,"valueName":"search_term_string"}}],"inLanguage":"en-US"},{"@type":"Organization","@id":"https:\/\/soflowco.com\/#organization","name":"S\u00f6 Flow Co","url":"https:\/\/soflowco.com\/","logo":{"@type":"ImageObject","inLanguage":"en-US","@id":"https:\/\/soflowco.com\/#\/schema\/logo\/image\/","url":"https:\/\/soflowco.com\/wp-content\/uploads\/2021\/11\/Logo-home-200.jpg","contentUrl":"https:\/\/soflowco.com\/wp-content\/uploads\/2021\/11\/Logo-home-200.jpg","width":200,"height":100,"caption":"S\u00f6 Flow Co"},"image":{"@id":"https:\/\/soflowco.com\/#\/schema\/logo\/image\/"}}]}},"_links":{"self":[{"href":"https:\/\/soflowco.com\/en\/wp-json\/wp\/v2\/product\/3348","targetHints":{"allow":["GET"]}}],"collection":[{"href":"https:\/\/soflowco.com\/en\/wp-json\/wp\/v2\/product"}],"about":[{"href":"https:\/\/soflowco.com\/en\/wp-json\/wp\/v2\/types\/product"}],"version-history":[{"count":5,"href":"https:\/\/soflowco.com\/en\/wp-json\/wp\/v2\/product\/3348\/revisions"}],"predecessor-version":[{"id":9337,"href":"https:\/\/soflowco.com\/en\/wp-json\/wp\/v2\/product\/3348\/revisions\/9337"}],"wp:featuredmedia":[{"embeddable":true,"href":"https:\/\/soflowco.com\/en\/wp-json\/wp\/v2\/media\/3349"}],"wp:attachment":[{"href":"https:\/\/soflowco.com\/en\/wp-json\/wp\/v2\/media?parent=3348"}],"wp:term":[{"taxonomy":"product_brand","embeddable":true,"href":"https:\/\/soflowco.com\/en\/wp-json\/wp\/v2\/product_brand?post=3348"},{"taxonomy":"product_cat","embeddable":true,"href":"https:\/\/soflowco.com\/en\/wp-json\/wp\/v2\/product_cat?post=3348"},{"taxonomy":"product_tag","embeddable":true,"href":"https:\/\/soflowco.com\/en\/wp-json\/wp\/v2\/product_tag?post=3348"}],"curies":[{"name":"wp","href":"https:\/\/api.w.org\/{rel}","templated":true}]}}