{"id":9232,"date":"2025-08-04T17:51:09","date_gmt":"2025-08-04T23:51:09","guid":{"rendered":"https:\/\/soflowco.com\/?page_id=9232"},"modified":"2025-08-21T11:44:05","modified_gmt":"2025-08-21T17:44:05","slug":"donde-comprar","status":"publish","type":"page","link":"https:\/\/soflowco.com\/en\/donde-comprar\/","title":{"rendered":"Where to Buy"},"content":{"rendered":"<div data-elementor-type=\"wp-page\" data-elementor-id=\"9232\" class=\"elementor elementor-9232\" data-elementor-post-type=\"page\">\n\t\t\t\t<div class=\"wd-negative-gap elementor-element elementor-element-2d81a2e e-flex e-con-boxed e-con e-parent\" data-id=\"2d81a2e\" data-element_type=\"container\" data-e-type=\"container\">\n\t\t\t\t\t<div class=\"e-con-inner\">\n\t\t\t\t<div class=\"elementor-element elementor-element-3d2af6b elementor-widget elementor-widget-image\" data-id=\"3d2af6b\" data-element_type=\"widget\" data-e-type=\"widget\" data-widget_type=\"image.default\">\n\t\t\t\t\t\t\t\t\t\t\t\t\t\t\t\t<a href=\"https:\/\/apuyantra.com\/\" target=\"_blank\">\n\t\t\t\t\t\t\t<img decoding=\"async\" width=\"400\" height=\"300\" src=\"https:\/\/soflowco.com\/wp-content\/uploads\/2025\/08\/Encuentre-SoFloCo-en-Apuyantra.png\" class=\"elementor-animation-shrink attachment-large size-large wp-image-9276\" alt=\"Encuentre SoFloCo en Apuyantra\" srcset=\"https:\/\/soflowco.com\/wp-content\/uploads\/2025\/08\/Encuentre-SoFloCo-en-Apuyantra.png 400w, https:\/\/soflowco.com\/wp-content\/uploads\/2025\/08\/Encuentre-SoFloCo-en-Apuyantra-300x225.png 300w, https:\/\/soflowco.com\/wp-content\/uploads\/2025\/08\/Encuentre-SoFloCo-en-Apuyantra-16x12.png 16w, https:\/\/soflowco.com\/wp-content\/uploads\/2025\/08\/Encuentre-SoFloCo-en-Apuyantra-150x113.png 150w\" sizes=\"(max-width: 400px) 100vw, 400px\" \/>\t\t\t\t\t\t\t\t<\/a>\n\t\t\t\t\t\t\t\t\t\t\t\t\t\t\t<\/div>\n\t\t\t\t<div class=\"elementor-element elementor-element-668732a elementor-widget elementor-widget-image\" data-id=\"668732a\" data-element_type=\"widget\" data-e-type=\"widget\" data-widget_type=\"image.default\">\n\t\t\t\t\t\t\t\t\t\t\t\t\t\t\t\t<a href=\"https:\/\/automercado.cr\/\" target=\"_blank\">\n\t\t\t\t\t\t\t<img decoding=\"async\" width=\"400\" height=\"300\" src=\"https:\/\/soflowco.com\/wp-content\/uploads\/2025\/08\/Encuentre-SoFloCo-en-Automercado.png\" class=\"elementor-animation-shrink attachment-large size-large wp-image-9236\" alt=\"Encuentre SoFloCo en Automercado\" srcset=\"https:\/\/soflowco.com\/wp-content\/uploads\/2025\/08\/Encuentre-SoFloCo-en-Automercado.png 400w, https:\/\/soflowco.com\/wp-content\/uploads\/2025\/08\/Encuentre-SoFloCo-en-Automercado-300x225.png 300w, https:\/\/soflowco.com\/wp-content\/uploads\/2025\/08\/Encuentre-SoFloCo-en-Automercado-16x12.png 16w, https:\/\/soflowco.com\/wp-content\/uploads\/2025\/08\/Encuentre-SoFloCo-en-Automercado-150x113.png 150w\" sizes=\"(max-width: 400px) 100vw, 400px\" \/>\t\t\t\t\t\t\t\t<\/a>\n\t\t\t\t\t\t\t\t\t\t\t\t\t\t\t<\/div>\n\t\t\t\t<div class=\"elementor-element elementor-element-42419b0 elementor-widget elementor-widget-image\" data-id=\"42419b0\" data-element_type=\"widget\" data-e-type=\"widget\" data-widget_type=\"image.default\">\n\t\t\t\t\t\t\t\t\t\t\t\t\t\t\t\t<a href=\"https:\/\/biosaludcr.com\/producto\/cbd-gomis-24und\/\" target=\"_blank\">\n\t\t\t\t\t\t\t<img decoding=\"async\" width=\"400\" height=\"300\" src=\"https:\/\/soflowco.com\/wp-content\/uploads\/2025\/08\/Encuentre-SoFloCo-en-BioSalud.png\" class=\"elementor-animation-shrink attachment-large size-large wp-image-9257\" alt=\"Encuentre SoFloCo en BioSalud\" srcset=\"https:\/\/soflowco.com\/wp-content\/uploads\/2025\/08\/Encuentre-SoFloCo-en-BioSalud.png 400w, https:\/\/soflowco.com\/wp-content\/uploads\/2025\/08\/Encuentre-SoFloCo-en-BioSalud-300x225.png 300w, https:\/\/soflowco.com\/wp-content\/uploads\/2025\/08\/Encuentre-SoFloCo-en-BioSalud-16x12.png 16w, https:\/\/soflowco.com\/wp-content\/uploads\/2025\/08\/Encuentre-SoFloCo-en-BioSalud-150x113.png 150w\" sizes=\"(max-width: 400px) 100vw, 400px\" \/>\t\t\t\t\t\t\t\t<\/a>\n\t\t\t\t\t\t\t\t\t\t\t\t\t\t\t<\/div>\n\t\t\t\t<div class=\"elementor-element elementor-element-fe7a239 elementor-widget elementor-widget-image\" data-id=\"fe7a239\" data-element_type=\"widget\" data-e-type=\"widget\" data-widget_type=\"image.default\">\n\t\t\t\t\t\t\t\t\t\t\t\t\t\t\t\t<a href=\"https:\/\/www.scholler.cr\/\" target=\"_blank\">\n\t\t\t\t\t\t\t<img decoding=\"async\" width=\"400\" height=\"300\" src=\"https:\/\/soflowco.com\/wp-content\/uploads\/2025\/08\/Encuentre-SoFloCo-en-Clinica-Scholer.png\" class=\"elementor-animation-shrink attachment-large size-large wp-image-9250\" alt=\"\" srcset=\"https:\/\/soflowco.com\/wp-content\/uploads\/2025\/08\/Encuentre-SoFloCo-en-Clinica-Scholer.png 400w, https:\/\/soflowco.com\/wp-content\/uploads\/2025\/08\/Encuentre-SoFloCo-en-Clinica-Scholer-300x225.png 300w, https:\/\/soflowco.com\/wp-content\/uploads\/2025\/08\/Encuentre-SoFloCo-en-Clinica-Scholer-16x12.png 16w, https:\/\/soflowco.com\/wp-content\/uploads\/2025\/08\/Encuentre-SoFloCo-en-Clinica-Scholer-150x113.png 150w\" sizes=\"(max-width: 400px) 100vw, 400px\" \/>\t\t\t\t\t\t\t\t<\/a>\n\t\t\t\t\t\t\t\t\t\t\t\t\t\t\t<\/div>\n\t\t\t\t<div class=\"elementor-element elementor-element-370ba1c elementor-widget elementor-widget-image\" data-id=\"370ba1c\" data-element_type=\"widget\" data-e-type=\"widget\" data-widget_type=\"image.default\">\n\t\t\t\t\t\t\t\t\t\t\t\t\t\t\t\t<a href=\"https:\/\/gnc.cr\/\" target=\"_blank\">\n\t\t\t\t\t\t\t<img decoding=\"async\" width=\"400\" height=\"300\" src=\"https:\/\/soflowco.com\/wp-content\/uploads\/2025\/08\/Encuentre-SoFloCo-en-GNC.png\" class=\"elementor-animation-shrink attachment-large size-large wp-image-9235\" alt=\"Encuentre SoFloCo en GNC\" srcset=\"https:\/\/soflowco.com\/wp-content\/uploads\/2025\/08\/Encuentre-SoFloCo-en-GNC.png 400w, https:\/\/soflowco.com\/wp-content\/uploads\/2025\/08\/Encuentre-SoFloCo-en-GNC-300x225.png 300w, https:\/\/soflowco.com\/wp-content\/uploads\/2025\/08\/Encuentre-SoFloCo-en-GNC-16x12.png 16w, https:\/\/soflowco.com\/wp-content\/uploads\/2025\/08\/Encuentre-SoFloCo-en-GNC-150x113.png 150w\" sizes=\"(max-width: 400px) 100vw, 400px\" \/>\t\t\t\t\t\t\t\t<\/a>\n\t\t\t\t\t\t\t\t\t\t\t\t\t\t\t<\/div>\n\t\t\t\t\t<\/div>\n\t\t\t\t<\/div>\n\t\t<div class=\"wd-negative-gap elementor-element elementor-element-9be9157 e-flex e-con-boxed e-con e-parent\" data-id=\"9be9157\" data-element_type=\"container\" data-e-type=\"container\">\n\t\t\t\t\t<div class=\"e-con-inner\">\n\t\t\t\t<div class=\"elementor-element elementor-element-04be9dc elementor-widget elementor-widget-image\" data-id=\"04be9dc\" data-element_type=\"widget\" data-e-type=\"widget\" data-widget_type=\"image.default\">\n\t\t\t\t\t\t\t\t\t\t\t\t\t\t\t\t<a href=\"https:\/\/www.greencentercr.com\/\" target=\"_blank\">\n\t\t\t\t\t\t\t<img decoding=\"async\" width=\"400\" height=\"300\" src=\"https:\/\/soflowco.com\/wp-content\/uploads\/2025\/08\/Encuentre-SoFloCo-en-GreenCenter.png\" class=\"elementor-animation-shrink attachment-large size-large wp-image-9263\" alt=\"\" srcset=\"https:\/\/soflowco.com\/wp-content\/uploads\/2025\/08\/Encuentre-SoFloCo-en-GreenCenter.png 400w, https:\/\/soflowco.com\/wp-content\/uploads\/2025\/08\/Encuentre-SoFloCo-en-GreenCenter-300x225.png 300w, https:\/\/soflowco.com\/wp-content\/uploads\/2025\/08\/Encuentre-SoFloCo-en-GreenCenter-16x12.png 16w, https:\/\/soflowco.com\/wp-content\/uploads\/2025\/08\/Encuentre-SoFloCo-en-GreenCenter-150x113.png 150w\" sizes=\"(max-width: 400px) 100vw, 400px\" \/>\t\t\t\t\t\t\t\t<\/a>\n\t\t\t\t\t\t\t\t\t\t\t\t\t\t\t<\/div>\n\t\t\t\t<div class=\"elementor-element elementor-element-9e4a176 elementor-widget elementor-widget-image\" data-id=\"9e4a176\" data-element_type=\"widget\" data-e-type=\"widget\" data-widget_type=\"image.default\">\n\t\t\t\t\t\t\t\t\t\t\t\t\t\t\t<img decoding=\"async\" width=\"400\" height=\"300\" src=\"https:\/\/soflowco.com\/wp-content\/uploads\/2025\/08\/Encuentre-SoFloCo-en-Microbiotica-LeMacro.png\" class=\"elementor-animation-shrink attachment-large size-large wp-image-9259\" alt=\"Encuentre SoFloCo en Microbiotica LeMacro\" srcset=\"https:\/\/soflowco.com\/wp-content\/uploads\/2025\/08\/Encuentre-SoFloCo-en-Microbiotica-LeMacro.png 400w, https:\/\/soflowco.com\/wp-content\/uploads\/2025\/08\/Encuentre-SoFloCo-en-Microbiotica-LeMacro-300x225.png 300w, https:\/\/soflowco.com\/wp-content\/uploads\/2025\/08\/Encuentre-SoFloCo-en-Microbiotica-LeMacro-16x12.png 16w, https:\/\/soflowco.com\/wp-content\/uploads\/2025\/08\/Encuentre-SoFloCo-en-Microbiotica-LeMacro-150x113.png 150w\" sizes=\"(max-width: 400px) 100vw, 400px\" \/>\t\t\t\t\t\t\t\t\t\t\t\t\t\t\t<\/div>\n\t\t\t\t<div class=\"elementor-element elementor-element-75379ec elementor-widget elementor-widget-image\" data-id=\"75379ec\" data-element_type=\"widget\" data-e-type=\"widget\" data-widget_type=\"image.default\">\n\t\t\t\t\t\t\t\t\t\t\t\t\t\t\t<img decoding=\"async\" width=\"400\" height=\"300\" src=\"https:\/\/soflowco.com\/wp-content\/uploads\/2025\/08\/Encuentre-SoFloCo-en-Microbiotica-Santa-Ana.png\" class=\"elementor-animation-shrink attachment-large size-large wp-image-9258\" alt=\"Encuentre SoFloCo en Microbiotica Santa Ana\" srcset=\"https:\/\/soflowco.com\/wp-content\/uploads\/2025\/08\/Encuentre-SoFloCo-en-Microbiotica-Santa-Ana.png 400w, https:\/\/soflowco.com\/wp-content\/uploads\/2025\/08\/Encuentre-SoFloCo-en-Microbiotica-Santa-Ana-300x225.png 300w, https:\/\/soflowco.com\/wp-content\/uploads\/2025\/08\/Encuentre-SoFloCo-en-Microbiotica-Santa-Ana-16x12.png 16w, https:\/\/soflowco.com\/wp-content\/uploads\/2025\/08\/Encuentre-SoFloCo-en-Microbiotica-Santa-Ana-150x113.png 150w\" sizes=\"(max-width: 400px) 100vw, 400px\" \/>\t\t\t\t\t\t\t\t\t\t\t\t\t\t\t<\/div>\n\t\t\t\t<div class=\"elementor-element elementor-element-0e21ac4 elementor-widget elementor-widget-image\" data-id=\"0e21ac4\" data-element_type=\"widget\" data-e-type=\"widget\" data-widget_type=\"image.default\">\n\t\t\t\t\t\t\t\t\t\t\t\t\t\t\t<img decoding=\"async\" width=\"400\" height=\"300\" src=\"https:\/\/soflowco.com\/wp-content\/uploads\/2025\/08\/Productos-SoFloCo-en-Macrobiotica-Universo-Natural1.png\" class=\"elementor-animation-shrink attachment-large size-large wp-image-9270\" alt=\"Productos SoFloCo en Macrobiotica Universo Natural(1)\" srcset=\"https:\/\/soflowco.com\/wp-content\/uploads\/2025\/08\/Productos-SoFloCo-en-Macrobiotica-Universo-Natural1.png 400w, https:\/\/soflowco.com\/wp-content\/uploads\/2025\/08\/Productos-SoFloCo-en-Macrobiotica-Universo-Natural1-300x225.png 300w, https:\/\/soflowco.com\/wp-content\/uploads\/2025\/08\/Productos-SoFloCo-en-Macrobiotica-Universo-Natural1-16x12.png 16w, https:\/\/soflowco.com\/wp-content\/uploads\/2025\/08\/Productos-SoFloCo-en-Macrobiotica-Universo-Natural1-150x113.png 150w\" sizes=\"(max-width: 400px) 100vw, 400px\" \/>\t\t\t\t\t\t\t\t\t\t\t\t\t\t\t<\/div>\n\t\t\t\t<div class=\"elementor-element elementor-element-10298ca elementor-widget elementor-widget-image\" data-id=\"10298ca\" data-element_type=\"widget\" data-e-type=\"widget\" data-widget_type=\"image.default\">\n\t\t\t\t\t\t\t\t\t\t\t\t\t\t\t<img decoding=\"async\" width=\"400\" height=\"300\" src=\"https:\/\/soflowco.com\/wp-content\/uploads\/2025\/08\/Encuentre-SoFloCo-en-Pharmacy-Market.png\" class=\"elementor-animation-shrink attachment-large size-large wp-image-9252\" alt=\"\" srcset=\"https:\/\/soflowco.com\/wp-content\/uploads\/2025\/08\/Encuentre-SoFloCo-en-Pharmacy-Market.png 400w, https:\/\/soflowco.com\/wp-content\/uploads\/2025\/08\/Encuentre-SoFloCo-en-Pharmacy-Market-300x225.png 300w, https:\/\/soflowco.com\/wp-content\/uploads\/2025\/08\/Encuentre-SoFloCo-en-Pharmacy-Market-16x12.png 16w, https:\/\/soflowco.com\/wp-content\/uploads\/2025\/08\/Encuentre-SoFloCo-en-Pharmacy-Market-150x113.png 150w\" sizes=\"(max-width: 400px) 100vw, 400px\" \/>\t\t\t\t\t\t\t\t\t\t\t\t\t\t\t<\/div>\n\t\t\t\t\t<\/div>\n\t\t\t\t<\/div>\n\t\t<div class=\"wd-negative-gap elementor-element elementor-element-e45302b e-flex e-con-boxed e-con e-parent\" data-id=\"e45302b\" data-element_type=\"container\" data-e-type=\"container\">\n\t\t\t\t\t<div class=\"e-con-inner\">\n\t\t\t\t<div class=\"elementor-element elementor-element-3370993 elementor-widget elementor-widget-image\" data-id=\"3370993\" data-element_type=\"widget\" data-e-type=\"widget\" data-widget_type=\"image.default\">\n\t\t\t\t\t\t\t\t\t\t\t\t\t\t\t\t<a href=\"https:\/\/www.greencentercr.com\/\" target=\"_blank\">\n\t\t\t\t\t\t\t<img decoding=\"async\" width=\"400\" height=\"300\" src=\"https:\/\/soflowco.com\/wp-content\/uploads\/2025\/08\/Productos-SoFlowCo-en-Macrobiotica-Punto-Natural.png\" class=\"elementor-animation-shrink attachment-large size-large wp-image-9299\" alt=\"Productos SoFlowCo en Macrobiotica Punto Natural\" srcset=\"https:\/\/soflowco.com\/wp-content\/uploads\/2025\/08\/Productos-SoFlowCo-en-Macrobiotica-Punto-Natural.png 400w, https:\/\/soflowco.com\/wp-content\/uploads\/2025\/08\/Productos-SoFlowCo-en-Macrobiotica-Punto-Natural-300x225.png 300w, https:\/\/soflowco.com\/wp-content\/uploads\/2025\/08\/Productos-SoFlowCo-en-Macrobiotica-Punto-Natural-16x12.png 16w, https:\/\/soflowco.com\/wp-content\/uploads\/2025\/08\/Productos-SoFlowCo-en-Macrobiotica-Punto-Natural-150x113.png 150w\" sizes=\"(max-width: 400px) 100vw, 400px\" \/>\t\t\t\t\t\t\t\t<\/a>\n\t\t\t\t\t\t\t\t\t\t\t\t\t\t\t<\/div>\n\t\t\t\t<div class=\"elementor-element elementor-element-113f6b8 elementor-widget elementor-widget-image\" data-id=\"113f6b8\" data-element_type=\"widget\" data-e-type=\"widget\" data-widget_type=\"image.default\">\n\t\t\t\t\t\t\t\t\t\t\t\t\t\t\t<img decoding=\"async\" width=\"400\" height=\"300\" src=\"https:\/\/soflowco.com\/wp-content\/uploads\/2025\/08\/Encuentre-SoFlowCo-CBD-en-Spazio-Verde-Mercado-Natural.png\" class=\"elementor-animation-shrink attachment-large size-large wp-image-9300\" alt=\"\" srcset=\"https:\/\/soflowco.com\/wp-content\/uploads\/2025\/08\/Encuentre-SoFlowCo-CBD-en-Spazio-Verde-Mercado-Natural.png 400w, https:\/\/soflowco.com\/wp-content\/uploads\/2025\/08\/Encuentre-SoFlowCo-CBD-en-Spazio-Verde-Mercado-Natural-300x225.png 300w, https:\/\/soflowco.com\/wp-content\/uploads\/2025\/08\/Encuentre-SoFlowCo-CBD-en-Spazio-Verde-Mercado-Natural-16x12.png 16w, https:\/\/soflowco.com\/wp-content\/uploads\/2025\/08\/Encuentre-SoFlowCo-CBD-en-Spazio-Verde-Mercado-Natural-150x113.png 150w\" sizes=\"(max-width: 400px) 100vw, 400px\" \/>\t\t\t\t\t\t\t\t\t\t\t\t\t\t\t<\/div>\n\t\t\t\t<div class=\"elementor-element elementor-element-0754124 elementor-widget elementor-widget-image\" data-id=\"0754124\" data-element_type=\"widget\" data-e-type=\"widget\" data-widget_type=\"image.default\">\n\t\t\t\t\t\t\t\t\t\t\t\t\t\t\t<img decoding=\"async\" width=\"400\" height=\"300\" src=\"https:\/\/soflowco.com\/wp-content\/uploads\/2025\/08\/Productos-SoFlowCo-en-Abarrotes-BuenaTierra.png\" class=\"elementor-animation-shrink attachment-large size-large wp-image-9302\" alt=\"Productos SoFlowCo en Abarrotes BuenaTierra\" srcset=\"https:\/\/soflowco.com\/wp-content\/uploads\/2025\/08\/Productos-SoFlowCo-en-Abarrotes-BuenaTierra.png 400w, https:\/\/soflowco.com\/wp-content\/uploads\/2025\/08\/Productos-SoFlowCo-en-Abarrotes-BuenaTierra-300x225.png 300w, https:\/\/soflowco.com\/wp-content\/uploads\/2025\/08\/Productos-SoFlowCo-en-Abarrotes-BuenaTierra-16x12.png 16w, https:\/\/soflowco.com\/wp-content\/uploads\/2025\/08\/Productos-SoFlowCo-en-Abarrotes-BuenaTierra-150x113.png 150w\" sizes=\"(max-width: 400px) 100vw, 400px\" \/>\t\t\t\t\t\t\t\t\t\t\t\t\t\t\t<\/div>\n\t\t\t\t<div class=\"elementor-element elementor-element-23a9a66 elementor-widget elementor-widget-image\" data-id=\"23a9a66\" data-element_type=\"widget\" data-e-type=\"widget\" data-widget_type=\"image.default\">\n\t\t\t\t\t\t\t\t\t\t\t\t\t\t\t<img decoding=\"async\" width=\"400\" height=\"300\" src=\"https:\/\/soflowco.com\/wp-content\/uploads\/2025\/08\/Productos-SoFlowCo-en-Fisiolife-Costa-Rica.png\" class=\"elementor-animation-shrink attachment-large size-large wp-image-9303\" alt=\"\" srcset=\"https:\/\/soflowco.com\/wp-content\/uploads\/2025\/08\/Productos-SoFlowCo-en-Fisiolife-Costa-Rica.png 400w, https:\/\/soflowco.com\/wp-content\/uploads\/2025\/08\/Productos-SoFlowCo-en-Fisiolife-Costa-Rica-300x225.png 300w, https:\/\/soflowco.com\/wp-content\/uploads\/2025\/08\/Productos-SoFlowCo-en-Fisiolife-Costa-Rica-16x12.png 16w, https:\/\/soflowco.com\/wp-content\/uploads\/2025\/08\/Productos-SoFlowCo-en-Fisiolife-Costa-Rica-150x113.png 150w\" sizes=\"(max-width: 400px) 100vw, 400px\" \/>\t\t\t\t\t\t\t\t\t\t\t\t\t\t\t<\/div>\n\t\t\t\t\t<\/div>\n\t\t\t\t<\/div>\n\t\t\t\t<\/div>","protected":false},"excerpt":{"rendered":"","protected":false},"author":176,"featured_media":0,"parent":0,"menu_order":0,"comment_status":"closed","ping_status":"closed","template":"","meta":{"_joinchat":[],"footnotes":""},"class_list":["post-9232","page","type-page","status-publish","hentry"],"yoast_head":"<!-- This site is optimized with the Yoast SEO Premium plugin v24.0 (Yoast SEO v27.3) - https:\/\/yoast.com\/product\/yoast-seo-premium-wordpress\/ -->\n<title>D\u00f3nde Comprar - S\u00f6 Flow Co<\/title>\n<meta name=\"description\" content=\"D\u00f3nde Comprar: Adem\u00e1s de nuestra tienda en l\u00ednea, encontrar\u00e1s nuestros productos disponibles en puntos de venta a nivel nacional.\" \/>\n<meta name=\"robots\" content=\"index, follow, max-snippet:-1, max-image-preview:large, max-video-preview:-1\" \/>\n<link rel=\"canonical\" href=\"https:\/\/soflowco.com\/en\/donde-comprar\/\" \/>\n<meta property=\"og:locale\" content=\"en_US\" \/>\n<meta property=\"og:type\" content=\"article\" \/>\n<meta property=\"og:title\" content=\"D\u00f3nde Comprar\" \/>\n<meta property=\"og:description\" content=\"D\u00f3nde Comprar: Adem\u00e1s de nuestra tienda en l\u00ednea, encontrar\u00e1s nuestros productos disponibles en puntos de venta a nivel nacional.\" \/>\n<meta property=\"og:url\" content=\"https:\/\/soflowco.com\/en\/donde-comprar\/\" \/>\n<meta property=\"og:site_name\" content=\"S\u00f6 Flow Co\" \/>\n<meta property=\"article:modified_time\" content=\"2025-08-21T17:44:05+00:00\" \/>\n<meta property=\"og:image\" content=\"https:\/\/soflowco.com\/wp-content\/uploads\/2025\/08\/Encuentre-SoFloCo-en-Apuyantra.png\" \/>\n\t<meta property=\"og:image:width\" content=\"400\" \/>\n\t<meta property=\"og:image:height\" content=\"300\" \/>\n\t<meta property=\"og:image:type\" content=\"image\/png\" \/>\n<meta name=\"twitter:card\" content=\"summary_large_image\" \/>\n<meta name=\"twitter:label1\" content=\"Est. reading time\" \/>\n\t<meta name=\"twitter:data1\" content=\"2 minutes\" \/>\n<script type=\"application\/ld+json\" class=\"yoast-schema-graph\">{\"@context\":\"https:\\\/\\\/schema.org\",\"@graph\":[{\"@type\":\"WebPage\",\"@id\":\"https:\\\/\\\/soflowco.com\\\/donde-comprar\\\/\",\"url\":\"https:\\\/\\\/soflowco.com\\\/donde-comprar\\\/\",\"name\":\"D\u00f3nde Comprar - S\u00f6 Flow Co\",\"isPartOf\":{\"@id\":\"https:\\\/\\\/soflowco.com\\\/#website\"},\"primaryImageOfPage\":{\"@id\":\"https:\\\/\\\/soflowco.com\\\/donde-comprar\\\/#primaryimage\"},\"image\":{\"@id\":\"https:\\\/\\\/soflowco.com\\\/donde-comprar\\\/#primaryimage\"},\"thumbnailUrl\":\"https:\\\/\\\/soflowco.com\\\/wp-content\\\/uploads\\\/2025\\\/08\\\/Encuentre-SoFloCo-en-Apuyantra.png\",\"datePublished\":\"2025-08-04T23:51:09+00:00\",\"dateModified\":\"2025-08-21T17:44:05+00:00\",\"description\":\"D\u00f3nde Comprar: Adem\u00e1s de nuestra tienda en l\u00ednea, encontrar\u00e1s nuestros productos disponibles en puntos de venta a nivel nacional.\",\"breadcrumb\":{\"@id\":\"https:\\\/\\\/soflowco.com\\\/donde-comprar\\\/#breadcrumb\"},\"inLanguage\":\"en-US\",\"potentialAction\":[{\"@type\":\"ReadAction\",\"target\":[\"https:\\\/\\\/soflowco.com\\\/donde-comprar\\\/\"]}]},{\"@type\":\"ImageObject\",\"inLanguage\":\"en-US\",\"@id\":\"https:\\\/\\\/soflowco.com\\\/donde-comprar\\\/#primaryimage\",\"url\":\"https:\\\/\\\/soflowco.com\\\/wp-content\\\/uploads\\\/2025\\\/08\\\/Encuentre-SoFloCo-en-Apuyantra.png\",\"contentUrl\":\"https:\\\/\\\/soflowco.com\\\/wp-content\\\/uploads\\\/2025\\\/08\\\/Encuentre-SoFloCo-en-Apuyantra.png\"},{\"@type\":\"BreadcrumbList\",\"@id\":\"https:\\\/\\\/soflowco.com\\\/donde-comprar\\\/#breadcrumb\",\"itemListElement\":[{\"@type\":\"ListItem\",\"position\":1,\"name\":\"Home\",\"item\":\"https:\\\/\\\/soflowco.com\\\/\"},{\"@type\":\"ListItem\",\"position\":2,\"name\":\"D\u00f3nde Comprar\"}]},{\"@type\":\"WebSite\",\"@id\":\"https:\\\/\\\/soflowco.com\\\/#website\",\"url\":\"https:\\\/\\\/soflowco.com\\\/\",\"name\":\"S\u00f6 Flow Co\",\"description\":\"CBD Supplements\",\"publisher\":{\"@id\":\"https:\\\/\\\/soflowco.com\\\/#organization\"},\"potentialAction\":[{\"@type\":\"SearchAction\",\"target\":{\"@type\":\"EntryPoint\",\"urlTemplate\":\"https:\\\/\\\/soflowco.com\\\/?s={search_term_string}\"},\"query-input\":{\"@type\":\"PropertyValueSpecification\",\"valueRequired\":true,\"valueName\":\"search_term_string\"}}],\"inLanguage\":\"en-US\"},{\"@type\":\"Organization\",\"@id\":\"https:\\\/\\\/soflowco.com\\\/#organization\",\"name\":\"S\u00f6 Flow Co\",\"url\":\"https:\\\/\\\/soflowco.com\\\/\",\"logo\":{\"@type\":\"ImageObject\",\"inLanguage\":\"en-US\",\"@id\":\"https:\\\/\\\/soflowco.com\\\/#\\\/schema\\\/logo\\\/image\\\/\",\"url\":\"https:\\\/\\\/soflowco.com\\\/wp-content\\\/uploads\\\/2021\\\/11\\\/Logo-home-200.jpg\",\"contentUrl\":\"https:\\\/\\\/soflowco.com\\\/wp-content\\\/uploads\\\/2021\\\/11\\\/Logo-home-200.jpg\",\"width\":200,\"height\":100,\"caption\":\"S\u00f6 Flow Co\"},\"image\":{\"@id\":\"https:\\\/\\\/soflowco.com\\\/#\\\/schema\\\/logo\\\/image\\\/\"}}]}<\/script>\n<!-- \/ Yoast SEO Premium plugin. -->","yoast_head_json":{"title":"D\u00f3nde Comprar - S\u00f6 Flow Co","description":"D\u00f3nde Comprar: Adem\u00e1s de nuestra tienda en l\u00ednea, encontrar\u00e1s nuestros productos disponibles en puntos de venta a nivel nacional.","robots":{"index":"index","follow":"follow","max-snippet":"max-snippet:-1","max-image-preview":"max-image-preview:large","max-video-preview":"max-video-preview:-1"},"canonical":"https:\/\/soflowco.com\/en\/donde-comprar\/","og_locale":"en_US","og_type":"article","og_title":"D\u00f3nde Comprar","og_description":"D\u00f3nde Comprar: Adem\u00e1s de nuestra tienda en l\u00ednea, encontrar\u00e1s nuestros productos disponibles en puntos de venta a nivel nacional.","og_url":"https:\/\/soflowco.com\/en\/donde-comprar\/","og_site_name":"S\u00f6 Flow Co","article_modified_time":"2025-08-21T17:44:05+00:00","og_image":[{"width":400,"height":300,"url":"https:\/\/soflowco.com\/wp-content\/uploads\/2025\/08\/Encuentre-SoFloCo-en-Apuyantra.png","type":"image\/png"}],"twitter_card":"summary_large_image","twitter_misc":{"Est. reading time":"2 minutes"},"schema":{"@context":"https:\/\/schema.org","@graph":[{"@type":"WebPage","@id":"https:\/\/soflowco.com\/donde-comprar\/","url":"https:\/\/soflowco.com\/donde-comprar\/","name":"D\u00f3nde Comprar - S\u00f6 Flow Co","isPartOf":{"@id":"https:\/\/soflowco.com\/#website"},"primaryImageOfPage":{"@id":"https:\/\/soflowco.com\/donde-comprar\/#primaryimage"},"image":{"@id":"https:\/\/soflowco.com\/donde-comprar\/#primaryimage"},"thumbnailUrl":"https:\/\/soflowco.com\/wp-content\/uploads\/2025\/08\/Encuentre-SoFloCo-en-Apuyantra.png","datePublished":"2025-08-04T23:51:09+00:00","dateModified":"2025-08-21T17:44:05+00:00","description":"D\u00f3nde Comprar: Adem\u00e1s de nuestra tienda en l\u00ednea, encontrar\u00e1s nuestros productos disponibles en puntos de venta a nivel nacional.","breadcrumb":{"@id":"https:\/\/soflowco.com\/donde-comprar\/#breadcrumb"},"inLanguage":"en-US","potentialAction":[{"@type":"ReadAction","target":["https:\/\/soflowco.com\/donde-comprar\/"]}]},{"@type":"ImageObject","inLanguage":"en-US","@id":"https:\/\/soflowco.com\/donde-comprar\/#primaryimage","url":"https:\/\/soflowco.com\/wp-content\/uploads\/2025\/08\/Encuentre-SoFloCo-en-Apuyantra.png","contentUrl":"https:\/\/soflowco.com\/wp-content\/uploads\/2025\/08\/Encuentre-SoFloCo-en-Apuyantra.png"},{"@type":"BreadcrumbList","@id":"https:\/\/soflowco.com\/donde-comprar\/#breadcrumb","itemListElement":[{"@type":"ListItem","position":1,"name":"Home","item":"https:\/\/soflowco.com\/"},{"@type":"ListItem","position":2,"name":"D\u00f3nde Comprar"}]},{"@type":"WebSite","@id":"https:\/\/soflowco.com\/#website","url":"https:\/\/soflowco.com\/","name":"S\u00f6 Flow Co","description":"CBD Supplements","publisher":{"@id":"https:\/\/soflowco.com\/#organization"},"potentialAction":[{"@type":"SearchAction","target":{"@type":"EntryPoint","urlTemplate":"https:\/\/soflowco.com\/?s={search_term_string}"},"query-input":{"@type":"PropertyValueSpecification","valueRequired":true,"valueName":"search_term_string"}}],"inLanguage":"en-US"},{"@type":"Organization","@id":"https:\/\/soflowco.com\/#organization","name":"S\u00f6 Flow Co","url":"https:\/\/soflowco.com\/","logo":{"@type":"ImageObject","inLanguage":"en-US","@id":"https:\/\/soflowco.com\/#\/schema\/logo\/image\/","url":"https:\/\/soflowco.com\/wp-content\/uploads\/2021\/11\/Logo-home-200.jpg","contentUrl":"https:\/\/soflowco.com\/wp-content\/uploads\/2021\/11\/Logo-home-200.jpg","width":200,"height":100,"caption":"S\u00f6 Flow Co"},"image":{"@id":"https:\/\/soflowco.com\/#\/schema\/logo\/image\/"}}]}},"_links":{"self":[{"href":"https:\/\/soflowco.com\/en\/wp-json\/wp\/v2\/pages\/9232","targetHints":{"allow":["GET"]}}],"collection":[{"href":"https:\/\/soflowco.com\/en\/wp-json\/wp\/v2\/pages"}],"about":[{"href":"https:\/\/soflowco.com\/en\/wp-json\/wp\/v2\/types\/page"}],"author":[{"embeddable":true,"href":"https:\/\/soflowco.com\/en\/wp-json\/wp\/v2\/users\/176"}],"replies":[{"embeddable":true,"href":"https:\/\/soflowco.com\/en\/wp-json\/wp\/v2\/comments?post=9232"}],"version-history":[{"count":40,"href":"https:\/\/soflowco.com\/en\/wp-json\/wp\/v2\/pages\/9232\/revisions"}],"predecessor-version":[{"id":9306,"href":"https:\/\/soflowco.com\/en\/wp-json\/wp\/v2\/pages\/9232\/revisions\/9306"}],"wp:attachment":[{"href":"https:\/\/soflowco.com\/en\/wp-json\/wp\/v2\/media?parent=9232"}],"curies":[{"name":"wp","href":"https:\/\/api.w.org\/{rel}","templated":true}]}}