{"id":8887,"date":"2025-03-18T16:58:45","date_gmt":"2025-03-18T22:58:45","guid":{"rendered":"https:\/\/soflowco.com\/new\/?page_id=8887"},"modified":"2025-03-19T09:53:46","modified_gmt":"2025-03-19T15:53:46","slug":"beneficios-del-cbd","status":"publish","type":"page","link":"https:\/\/soflowco.com\/en\/beneficios-del-cbd\/","title":{"rendered":"Benefits of CBD"},"content":{"rendered":"<div data-elementor-type=\"wp-page\" data-elementor-id=\"8887\" class=\"elementor elementor-8887\" data-elementor-post-type=\"page\">\n\t\t\t\t<div class=\"wd-negative-gap elementor-element elementor-element-8b40d96 e-flex e-con-boxed e-con e-parent\" data-id=\"8b40d96\" data-element_type=\"container\" data-e-type=\"container\">\n\t\t\t\t\t<div class=\"e-con-inner\">\n\t\t\t\t<div class=\"elementor-element elementor-element-f9a3875 wd-width-100 elementor-widget elementor-widget-wd_title\" data-id=\"f9a3875\" data-element_type=\"widget\" data-e-type=\"widget\" data-widget_type=\"wd_title.default\">\n\t\t\t\t<div class=\"elementor-widget-container\">\n\t\t\t\t\t\t\t<div class=\"title-wrapper wd-set-mb reset-last-child wd-title-color-primary wd-title-style-default wd-title-size-large text-center\">\n\n\t\t\t\n\t\t\t<div class=\"liner-continer\">\n\t\t\t\t<h1 class=\"woodmart-title-container title wd-fontsize-xxl\">BENEFITS OF CBD FOR OUR WHOLE BODY<\/h1> \n\t\t\t\t\t\t\t<\/div>\n\n\t\t\t\t\t<\/div>\n\t\t\t\t\t\t<\/div>\n\t\t\t\t<\/div>\n\t\t\t\t\t<\/div>\n\t\t\t\t<\/div>\n\t\t<div class=\"wd-negative-gap elementor-element elementor-element-3075b01 e-flex e-con-boxed e-con e-parent\" data-id=\"3075b01\" data-element_type=\"container\" data-e-type=\"container\">\n\t\t\t\t\t<div class=\"e-con-inner\">\n\t\t<div class=\"elementor-element elementor-element-3fddd4e e-con-full e-flex e-con e-child\" data-id=\"3fddd4e\" data-element_type=\"container\" data-e-type=\"container\">\n\t\t\t\t<div class=\"elementor-element elementor-element-188b6f2 wd-width-100 elementor-widget elementor-widget-wd_title\" data-id=\"188b6f2\" data-element_type=\"widget\" data-e-type=\"widget\" data-widget_type=\"wd_title.default\">\n\t\t\t\t<div class=\"elementor-widget-container\">\n\t\t\t\t\t\t\t<div class=\"title-wrapper wd-set-mb reset-last-child wd-title-color-primary wd-title-style-default wd-title-size-large text-left\">\n\n\t\t\t\n\t\t\t<div class=\"liner-continer\">\n\t\t\t\t<h1 class=\"woodmart-title-container title wd-fontsize-xxl\">CBD BENEFITS THE WHOLE BODY<\/h1> \n\t\t\t\t\t\t\t<\/div>\n\n\t\t\t\t\t<\/div>\n\t\t\t\t\t\t<\/div>\n\t\t\t\t<\/div>\n\t\t\t\t<div class=\"elementor-element elementor-element-da9d75a wd-width-100 elementor-widget elementor-widget-wd_title\" data-id=\"da9d75a\" data-element_type=\"widget\" data-e-type=\"widget\" data-widget_type=\"wd_title.default\">\n\t\t\t\t<div class=\"elementor-widget-container\">\n\t\t\t\t\t\t\t<div class=\"title-wrapper wd-set-mb reset-last-child wd-title-color-primary wd-title-style-default wd-title-size-large text-left\">\n\n\t\t\t\n\t\t\t<div class=\"liner-continer\">\n\t\t\t\t<h2 class=\"woodmart-title-container title wd-fontsize-xxl\">CBD IS NOT INTOXICANT OR STUPEFACTIVE.<\/h2> \n\t\t\t\t\t\t\t<\/div>\n\n\t\t\t\t\t<\/div>\n\t\t\t\t\t\t<\/div>\n\t\t\t\t<\/div>\n\t\t\t\t<div class=\"elementor-element elementor-element-8b5d30d elementor-widget elementor-widget-wd_text_block\" data-id=\"8b5d30d\" data-element_type=\"widget\" data-e-type=\"widget\" data-widget_type=\"wd_text_block.default\">\n\t\t\t\t<div class=\"elementor-widget-container\">\n\t\t\t\t\t\t\t<div class=\"wd-text-block reset-last-child text-left\">\n\t\t\t\n\t\t\t<p>Cannabidiol (CBD) may be a chemical relative of THC, but as siblings they couldn't be more different. Unlike THC, CBD has no psychoactive effect when ingested or applied to the skin. In addition to CBD, there are other cannabinoids (cannabigerol, CBG, cannabinol, CBN and more) that have positive effects on the health of our bodies.<\/p>\n\t\t\t\t\t<\/div>\n\t\t\t\t\t\t<\/div>\n\t\t\t\t<\/div>\n\t\t\t\t<\/div>\n\t\t\t\t\t<\/div>\n\t\t\t\t<\/div>\n\t\t<div class=\"elementor-element elementor-element-c54c8b4 e-con-full e-flex e-con e-child\" data-id=\"c54c8b4\" data-element_type=\"container\" data-e-type=\"container\">\n\t\t\t\t<div class=\"elementor-element elementor-element-e3386e9 wd-width-100 elementor-widget elementor-widget-wd_title\" data-id=\"e3386e9\" data-element_type=\"widget\" data-e-type=\"widget\" data-widget_type=\"wd_title.default\">\n\t\t\t\t<div class=\"elementor-widget-container\">\n\t\t\t\t\t\t\t<div class=\"title-wrapper wd-set-mb reset-last-child wd-title-color-primary wd-title-style-default wd-title-size-large text-center\">\n\n\t\t\t\n\t\t\t<div class=\"liner-continer\">\n\t\t\t\t<h1 class=\"woodmart-title-container title wd-fontsize-xxl\">WHAT IS CBD?<\/h1> \n\t\t\t\t\t\t\t<\/div>\n\n\t\t\t\t\t<\/div>\n\t\t\t\t\t\t<\/div>\n\t\t\t\t<\/div>\n\t\t\t\t<div class=\"elementor-element elementor-element-e71f817 elementor-widget elementor-widget-wd_text_block\" data-id=\"e71f817\" data-element_type=\"widget\" data-e-type=\"widget\" data-widget_type=\"wd_text_block.default\">\n\t\t\t\t<div class=\"elementor-widget-container\">\n\t\t\t\t\t\t\t<div class=\"wd-text-block reset-last-child text-left\">\n\t\t\t\n\t\t\t<p>Cannabidiol, or CBD, is one of the most promising phytocannabinoids found in hemp. It has been recognized for its benefits to human and animal health and is capable of interacting with many biological processes. CBD is non-psychoactive and non-toxic.<\/p>\n\t\t\t\t\t<\/div>\n\t\t\t\t\t\t<\/div>\n\t\t\t\t<\/div>\n\t\t\t\t<\/div>\n\t\t<div class=\"elementor-element elementor-element-dfaa25e e-con-full e-flex e-con e-child\" data-id=\"dfaa25e\" data-element_type=\"container\" data-e-type=\"container\">\n\t\t\t\t<div class=\"elementor-element elementor-element-1cc7b81 wd-width-100 elementor-widget elementor-widget-wd_title\" data-id=\"1cc7b81\" data-element_type=\"widget\" data-e-type=\"widget\" data-widget_type=\"wd_title.default\">\n\t\t\t\t<div class=\"elementor-widget-container\">\n\t\t\t\t\t\t\t<div class=\"title-wrapper wd-set-mb reset-last-child wd-title-color-primary wd-title-style-default wd-title-size-large text-center\">\n\n\t\t\t\n\t\t\t<div class=\"liner-continer\">\n\t\t\t\t<h1 class=\"woodmart-title-container title wd-fontsize-xxl\">WHICH PRODUCT SHOULD I USE?<\/h1> \n\t\t\t\t\t\t\t<\/div>\n\n\t\t\t\t\t<\/div>\n\t\t\t\t\t\t<\/div>\n\t\t\t\t<\/div>\n\t\t\t\t<div class=\"elementor-element elementor-element-34897fe elementor-widget elementor-widget-wd_text_block\" data-id=\"34897fe\" data-element_type=\"widget\" data-e-type=\"widget\" data-widget_type=\"wd_text_block.default\">\n\t\t\t\t<div class=\"elementor-widget-container\">\n\t\t\t\t\t\t\t<div class=\"wd-text-block reset-last-child text-left\">\n\t\t\t\n\t\t\t<p>The best course of action is to consult a professional for a clear recommendation. If you are new to CBD, start with the lowest dose. Please refer to our product descriptions in the section\u00a0<a href=\"https:\/\/soflowco.com\/en\/tienda\/\">SHOP<\/a>.<\/p>\n\t\t\t\t\t<\/div>\n\t\t\t\t\t\t<\/div>\n\t\t\t\t<\/div>\n\t\t\t\t<\/div>\n\t\t<div class=\"wd-negative-gap elementor-element elementor-element-bf8e572 wd-section-stretch e-flex e-con-boxed e-con e-parent\" data-id=\"bf8e572\" data-element_type=\"container\" data-e-type=\"container\" data-settings=\"{&quot;background_background&quot;:&quot;classic&quot;}\">\n\t\t\t\t\t<div class=\"e-con-inner\">\n\t\t\t\t<div class=\"elementor-element elementor-element-7c29abb wd-width-100 elementor-widget elementor-widget-wd_title\" data-id=\"7c29abb\" data-element_type=\"widget\" data-e-type=\"widget\" data-widget_type=\"wd_title.default\">\n\t\t\t\t<div class=\"elementor-widget-container\">\n\t\t\t\t\t\t\t<div class=\"title-wrapper wd-set-mb reset-last-child wd-title-color-primary wd-title-style-default wd-title-size-large text-center\">\n\n\t\t\t\n\t\t\t<div class=\"liner-continer\">\n\t\t\t\t<h1 class=\"woodmart-title-container title wd-fontsize-xxl\">INFORMATION RESOURCES<\/h1> \n\t\t\t\t\t\t\t<\/div>\n\n\t\t\t\t\t<\/div>\n\t\t\t\t\t\t<\/div>\n\t\t\t\t<\/div>\n\t\t\t\t\t<\/div>\n\t\t\t\t<\/div>\n\t\t<div class=\"elementor-element elementor-element-ab9e50b e-con-full e-flex e-con e-child\" data-id=\"ab9e50b\" data-element_type=\"container\" data-e-type=\"container\">\n\t\t\t\t<div class=\"elementor-element elementor-element-d592868 wd-width-100 elementor-widget elementor-widget-wd_title\" data-id=\"d592868\" data-element_type=\"widget\" data-e-type=\"widget\" data-widget_type=\"wd_title.default\">\n\t\t\t\t<div class=\"elementor-widget-container\">\n\t\t\t\t\t\t\t<div class=\"title-wrapper wd-set-mb reset-last-child wd-title-color-primary wd-title-style-default wd-title-size-large text-center\">\n\n\t\t\t\n\t\t\t<div class=\"liner-continer\">\n\t\t\t\t<h1 class=\"woodmart-title-container title wd-fontsize-xxl\">WHAT IS CBD?<\/h1> \n\t\t\t\t\t\t\t<\/div>\n\n\t\t\t\t\t<\/div>\n\t\t\t\t\t\t<\/div>\n\t\t\t\t<\/div>\n\t\t\t\t<div class=\"elementor-element elementor-element-fc61610 elementor-widget elementor-widget-wd_text_block\" data-id=\"fc61610\" data-element_type=\"widget\" data-e-type=\"widget\" data-widget_type=\"wd_text_block.default\">\n\t\t\t\t<div class=\"elementor-widget-container\">\n\t\t\t\t\t\t\t<div class=\"wd-text-block reset-last-child text-left\">\n\t\t\t\n\t\t\t<p>Cannabidiol, or CBD, is one of the most promising phytocannabinoids found in the hemp plant. It has been recognized for its benefits to human and animal health and is capable of interacting with many biological processes in living organisms. CBD is non-narcotic and non-toxic.<\/p>\n\t\t\t\t\t<\/div>\n\t\t\t\t\t\t<\/div>\n\t\t\t\t<\/div>\n\t\t\t\t<div class=\"elementor-element elementor-element-cdb14e8 wd-width-100 elementor-widget elementor-widget-wd_title\" data-id=\"cdb14e8\" data-element_type=\"widget\" data-e-type=\"widget\" data-widget_type=\"wd_title.default\">\n\t\t\t\t<div class=\"elementor-widget-container\">\n\t\t\t\t\t\t\t<div class=\"title-wrapper wd-set-mb reset-last-child wd-title-color-primary wd-title-style-default wd-title-size-large text-center\">\n\n\t\t\t\n\t\t\t<div class=\"liner-continer\">\n\t\t\t\t<h1 class=\"woodmart-title-container title wd-fontsize-xxl\">HOW MUCH CBD IS RIGHT FOR ME?<\/h1> \n\t\t\t\t\t\t\t<\/div>\n\n\t\t\t\t\t<\/div>\n\t\t\t\t\t\t<\/div>\n\t\t\t\t<\/div>\n\t\t\t\t<div class=\"elementor-element elementor-element-a3108a9 elementor-widget elementor-widget-wd_text_block\" data-id=\"a3108a9\" data-element_type=\"widget\" data-e-type=\"widget\" data-widget_type=\"wd_text_block.default\">\n\t\t\t\t<div class=\"elementor-widget-container\">\n\t\t\t\t\t\t\t<div class=\"wd-text-block reset-last-child text-left\">\n\t\t\t\n\t\t\t<p>The amount each person can ingest depends on several factors, including the oil they are taking. There is no empirically right or wrong answer here. For more guidance on how to use CBD, or contact us on our WhatsApp number\u00a0<a href=\"https:\/\/wa.me\/50646000223\" target=\"_blank\" rel=\"noopener\">+(506) 8512 8000<\/a>\u00a0or write to us at\u00a0<a href=\"mailto:hola@soflowco.com\">hola@soflowco.com<\/a>\u00a0or to\u00a0<a href=\"mailto:cimed.inifar@ucr.ac.cr\">cimed.inifar@ucr.ac.cr<\/a><\/p><p>The Endocannabinoid System (ECS) uses both plant cannabinoids and CBD, the endogenous cannabinoids produced by the body. Therefore, the effects are fast and, if this is the first time you are going to use it, it is important to first consult with a health professional to help you start with a small amount.<\/p>\n\t\t\t\t\t<\/div>\n\t\t\t\t\t\t<\/div>\n\t\t\t\t<\/div>\n\t\t\t\t<div class=\"elementor-element elementor-element-60cddc3 wd-width-100 elementor-widget elementor-widget-wd_title\" data-id=\"60cddc3\" data-element_type=\"widget\" data-e-type=\"widget\" data-widget_type=\"wd_title.default\">\n\t\t\t\t<div class=\"elementor-widget-container\">\n\t\t\t\t\t\t\t<div class=\"title-wrapper wd-set-mb reset-last-child wd-title-color-primary wd-title-style-default wd-title-size-large text-center\">\n\n\t\t\t\n\t\t\t<div class=\"liner-continer\">\n\t\t\t\t<h1 class=\"woodmart-title-container title wd-fontsize-xxl\">WHICH PRODUCT SHOULD I USE?<\/h1> \n\t\t\t\t\t\t\t<\/div>\n\n\t\t\t\t\t<\/div>\n\t\t\t\t\t\t<\/div>\n\t\t\t\t<\/div>\n\t\t\t\t<div class=\"elementor-element elementor-element-18b1a8a elementor-widget elementor-widget-wd_text_block\" data-id=\"18b1a8a\" data-element_type=\"widget\" data-e-type=\"widget\" data-widget_type=\"wd_text_block.default\">\n\t\t\t\t<div class=\"elementor-widget-container\">\n\t\t\t\t\t\t\t<div class=\"wd-text-block reset-last-child text-left\">\n\t\t\t\n\t\t\t<p>The best course of action is to consult a professional for a clear recommendation. If you are new to the world of CBD, start by ingesting the lowest amount. Please refer to our product descriptions in the section\u00a0<a href=\"https:\/\/soflowco.com\/en\/tienda\/\">SHOP<\/a>.<\/p>\n\t\t\t\t\t<\/div>\n\t\t\t\t\t\t<\/div>\n\t\t\t\t<\/div>\n\t\t\t\t<div class=\"elementor-element elementor-element-714e7bf wd-width-100 elementor-widget elementor-widget-wd_title\" data-id=\"714e7bf\" data-element_type=\"widget\" data-e-type=\"widget\" data-widget_type=\"wd_title.default\">\n\t\t\t\t<div class=\"elementor-widget-container\">\n\t\t\t\t\t\t\t<div class=\"title-wrapper wd-set-mb reset-last-child wd-title-color-primary wd-title-style-default wd-title-size-large text-center\">\n\n\t\t\t\n\t\t\t<div class=\"liner-continer\">\n\t\t\t\t<h1 class=\"woodmart-title-container title wd-fontsize-xxl\">INFORMATIONAL RESOURCES<\/h1> \n\t\t\t\t\t\t\t<\/div>\n\n\t\t\t\t\t<\/div>\n\t\t\t\t\t\t<\/div>\n\t\t\t\t<\/div>\n\t\t\t\t<div class=\"elementor-element elementor-element-dd5cbb6 elementor-widget elementor-widget-wd_text_block\" data-id=\"dd5cbb6\" data-element_type=\"widget\" data-e-type=\"widget\" data-widget_type=\"wd_text_block.default\">\n\t\t\t\t<div class=\"elementor-widget-container\">\n\t\t\t\t\t\t\t<div class=\"wd-text-block reset-last-child text-left\">\n\t\t\t\n\t\t\t<p>In the United States, important information about CBD can be found in U.S. Patent No. 6,630,507; owned by the U.S. Department of Health and Human Services. This patent names CBD as an antioxidant and a neuroprotectant, explicitly listing all the medical benefits of cannabinoids. Below are some resources for inquiries related to CBD, CBD benefits and health, so we can continue to stay healthy and informed.<\/p>\n\t\t\t\t\t<\/div>\n\t\t\t\t\t\t<\/div>\n\t\t\t\t<\/div>\n\t\t\t\t<div class=\"elementor-element elementor-element-0a4f4a1 elementor-widget elementor-widget-wd_text_block\" data-id=\"0a4f4a1\" data-element_type=\"widget\" data-e-type=\"widget\" data-widget_type=\"wd_text_block.default\">\n\t\t\t\t<div class=\"elementor-widget-container\">\n\t\t\t\t\t\t\t<div class=\"wd-text-block reset-last-child text-center\">\n\t\t\t\n\t\t\t<p><a href=\"http:\/\/www.projectcbd.org\/\" target=\"_blank\" rel=\"noopener\">www.projectCBD.org<\/a><br \/><a href=\"http:\/\/www.pubmed.gov\/\" target=\"_blank\" rel=\"noopener\">www.pubmed.gov<\/a>\u00a0(search cannabidiol)<br \/><a href=\"https:\/\/www.google.com\/patents\/US6630507\" target=\"_blank\" rel=\"noopener\">www.google.com\/patents\/US6630507<\/a><\/p>\n\t\t\t\t\t<\/div>\n\t\t\t\t\t\t<\/div>\n\t\t\t\t<\/div>\n\t\t\t\t<\/div>\n\t\t\t\t<\/div>","protected":false},"excerpt":{"rendered":"<p>BENEFITS OF CBD FOR OUR ENTIRE BODY CBD BENEFITS THE ENTIRE BODY CBD IS NOT TOXICANT OR STUPEFACTIVE<\/p>","protected":false},"author":11,"featured_media":0,"parent":0,"menu_order":0,"comment_status":"closed","ping_status":"closed","template":"","meta":{"_joinchat":[],"footnotes":""},"class_list":["post-8887","page","type-page","status-publish","hentry"],"yoast_head":"<!-- This site is optimized with the Yoast SEO Premium plugin v24.0 (Yoast SEO v27.5) - https:\/\/yoast.com\/product\/yoast-seo-premium-wordpress\/ -->\n<title>S\u00f6 Flow Co - Compa\u00f1\u00eda de CBD en Costa Rica - S\u00f6 Flow Co<\/title>\n<meta name=\"description\" content=\"Somos S\u00f6 Flow Co, compa\u00f1\u00eda de CBD en Costa Rica, una empresa dedicada a la venta de aceite de CBD de alta calidad.\" \/>\n<meta name=\"robots\" content=\"index, follow, max-snippet:-1, max-image-preview:large, max-video-preview:-1\" \/>\n<link rel=\"canonical\" href=\"https:\/\/soflowco.com\/en\/beneficios-del-cbd\/\" \/>\n<meta property=\"og:locale\" content=\"en_US\" \/>\n<meta property=\"og:type\" content=\"article\" \/>\n<meta property=\"og:title\" content=\"Compa\u00f1\u00eda de CBD de amplio espectro en Costa Rica - S\u00f6 Flow Co\" \/>\n<meta property=\"og:description\" content=\"Conozca los incre\u00edbles beneficios del CBD, somos S\u00f6 Flow Co, una empresa dedicada a la venta de aceite de CBD de alta calidad en Costa Rica.\" \/>\n<meta property=\"og:url\" content=\"https:\/\/soflowco.com\/en\/beneficios-del-cbd\/\" \/>\n<meta property=\"og:site_name\" content=\"S\u00f6 Flow Co\" \/>\n<meta property=\"article:modified_time\" content=\"2025-03-19T15:53:46+00:00\" \/>\n<meta property=\"og:image\" content=\"https:\/\/soflowco.com\/wp-content\/uploads\/2022\/07\/noche-cbd-soflow.jpeg\" \/>\n\t<meta property=\"og:image:width\" content=\"1200\" \/>\n\t<meta property=\"og:image:height\" content=\"1200\" \/>\n\t<meta property=\"og:image:type\" content=\"image\/jpeg\" \/>\n<meta name=\"twitter:card\" content=\"summary_large_image\" \/>\n<meta name=\"twitter:title\" content=\"Compa\u00f1\u00eda de CBD de amplio espectro en Costa Rica - S\u00f6 Flow Co\" \/>\n<meta name=\"twitter:description\" content=\"Conozca los incre\u00edbles beneficios del CBD, somos S\u00f6 Flow Co, una empresa dedicada a la venta de aceite de CBD de alta calidad en Costa Rica.\" \/>\n<meta name=\"twitter:label1\" content=\"Est. reading time\" \/>\n\t<meta name=\"twitter:data1\" content=\"3 minutes\" \/>\n<script type=\"application\/ld+json\" class=\"yoast-schema-graph\">{\"@context\":\"https:\\\/\\\/schema.org\",\"@graph\":[{\"@type\":\"WebPage\",\"@id\":\"https:\\\/\\\/soflowco.com\\\/beneficios-del-cbd\\\/\",\"url\":\"https:\\\/\\\/soflowco.com\\\/beneficios-del-cbd\\\/\",\"name\":\"S\u00f6 Flow Co - Compa\u00f1\u00eda de CBD en Costa Rica - S\u00f6 Flow Co\",\"isPartOf\":{\"@id\":\"https:\\\/\\\/soflowco.com\\\/#website\"},\"datePublished\":\"2025-03-18T22:58:45+00:00\",\"dateModified\":\"2025-03-19T15:53:46+00:00\",\"description\":\"Somos S\u00f6 Flow Co, compa\u00f1\u00eda de CBD en Costa Rica, una empresa dedicada a la venta de aceite de CBD de alta calidad.\",\"breadcrumb\":{\"@id\":\"https:\\\/\\\/soflowco.com\\\/beneficios-del-cbd\\\/#breadcrumb\"},\"inLanguage\":\"en-US\",\"potentialAction\":[{\"@type\":\"ReadAction\",\"target\":[\"https:\\\/\\\/soflowco.com\\\/beneficios-del-cbd\\\/\"]}]},{\"@type\":\"BreadcrumbList\",\"@id\":\"https:\\\/\\\/soflowco.com\\\/beneficios-del-cbd\\\/#breadcrumb\",\"itemListElement\":[{\"@type\":\"ListItem\",\"position\":1,\"name\":\"Home\",\"item\":\"https:\\\/\\\/soflowco.com\\\/\"},{\"@type\":\"ListItem\",\"position\":2,\"name\":\"Beneficios del CBD\"}]},{\"@type\":\"WebSite\",\"@id\":\"https:\\\/\\\/soflowco.com\\\/#website\",\"url\":\"https:\\\/\\\/soflowco.com\\\/\",\"name\":\"S\u00f6 Flow Co\",\"description\":\"CBD Supplements\",\"publisher\":{\"@id\":\"https:\\\/\\\/soflowco.com\\\/#organization\"},\"potentialAction\":[{\"@type\":\"SearchAction\",\"target\":{\"@type\":\"EntryPoint\",\"urlTemplate\":\"https:\\\/\\\/soflowco.com\\\/?s={search_term_string}\"},\"query-input\":{\"@type\":\"PropertyValueSpecification\",\"valueRequired\":true,\"valueName\":\"search_term_string\"}}],\"inLanguage\":\"en-US\"},{\"@type\":\"Organization\",\"@id\":\"https:\\\/\\\/soflowco.com\\\/#organization\",\"name\":\"S\u00f6 Flow Co\",\"url\":\"https:\\\/\\\/soflowco.com\\\/\",\"logo\":{\"@type\":\"ImageObject\",\"inLanguage\":\"en-US\",\"@id\":\"https:\\\/\\\/soflowco.com\\\/#\\\/schema\\\/logo\\\/image\\\/\",\"url\":\"https:\\\/\\\/soflowco.com\\\/wp-content\\\/uploads\\\/2021\\\/11\\\/Logo-home-200.jpg\",\"contentUrl\":\"https:\\\/\\\/soflowco.com\\\/wp-content\\\/uploads\\\/2021\\\/11\\\/Logo-home-200.jpg\",\"width\":200,\"height\":100,\"caption\":\"S\u00f6 Flow Co\"},\"image\":{\"@id\":\"https:\\\/\\\/soflowco.com\\\/#\\\/schema\\\/logo\\\/image\\\/\"}}]}<\/script>\n<!-- \/ Yoast SEO Premium plugin. -->","yoast_head_json":{"title":"S\u00f6 Flow Co - Compa\u00f1\u00eda de CBD en Costa Rica - S\u00f6 Flow Co","description":"Somos S\u00f6 Flow Co, compa\u00f1\u00eda de CBD en Costa Rica, una empresa dedicada a la venta de aceite de CBD de alta calidad.","robots":{"index":"index","follow":"follow","max-snippet":"max-snippet:-1","max-image-preview":"max-image-preview:large","max-video-preview":"max-video-preview:-1"},"canonical":"https:\/\/soflowco.com\/en\/beneficios-del-cbd\/","og_locale":"en_US","og_type":"article","og_title":"Compa\u00f1\u00eda de CBD de amplio espectro en Costa Rica - S\u00f6 Flow Co","og_description":"Conozca los incre\u00edbles beneficios del CBD, somos S\u00f6 Flow Co, una empresa dedicada a la venta de aceite de CBD de alta calidad en Costa Rica.","og_url":"https:\/\/soflowco.com\/en\/beneficios-del-cbd\/","og_site_name":"S\u00f6 Flow Co","article_modified_time":"2025-03-19T15:53:46+00:00","og_image":[{"width":1200,"height":1200,"url":"https:\/\/soflowco.com\/wp-content\/uploads\/2022\/07\/noche-cbd-soflow.jpeg","type":"image\/jpeg"}],"twitter_card":"summary_large_image","twitter_title":"Compa\u00f1\u00eda de CBD de amplio espectro en Costa Rica - S\u00f6 Flow Co","twitter_description":"Conozca los incre\u00edbles beneficios del CBD, somos S\u00f6 Flow Co, una empresa dedicada a la venta de aceite de CBD de alta calidad en Costa Rica.","twitter_misc":{"Est. reading time":"3 minutes"},"schema":{"@context":"https:\/\/schema.org","@graph":[{"@type":"WebPage","@id":"https:\/\/soflowco.com\/beneficios-del-cbd\/","url":"https:\/\/soflowco.com\/beneficios-del-cbd\/","name":"S\u00f6 Flow Co - Compa\u00f1\u00eda de CBD en Costa Rica - S\u00f6 Flow Co","isPartOf":{"@id":"https:\/\/soflowco.com\/#website"},"datePublished":"2025-03-18T22:58:45+00:00","dateModified":"2025-03-19T15:53:46+00:00","description":"Somos S\u00f6 Flow Co, compa\u00f1\u00eda de CBD en Costa Rica, una empresa dedicada a la venta de aceite de CBD de alta calidad.","breadcrumb":{"@id":"https:\/\/soflowco.com\/beneficios-del-cbd\/#breadcrumb"},"inLanguage":"en-US","potentialAction":[{"@type":"ReadAction","target":["https:\/\/soflowco.com\/beneficios-del-cbd\/"]}]},{"@type":"BreadcrumbList","@id":"https:\/\/soflowco.com\/beneficios-del-cbd\/#breadcrumb","itemListElement":[{"@type":"ListItem","position":1,"name":"Home","item":"https:\/\/soflowco.com\/"},{"@type":"ListItem","position":2,"name":"Beneficios del CBD"}]},{"@type":"WebSite","@id":"https:\/\/soflowco.com\/#website","url":"https:\/\/soflowco.com\/","name":"S\u00f6 Flow Co","description":"CBD Supplements","publisher":{"@id":"https:\/\/soflowco.com\/#organization"},"potentialAction":[{"@type":"SearchAction","target":{"@type":"EntryPoint","urlTemplate":"https:\/\/soflowco.com\/?s={search_term_string}"},"query-input":{"@type":"PropertyValueSpecification","valueRequired":true,"valueName":"search_term_string"}}],"inLanguage":"en-US"},{"@type":"Organization","@id":"https:\/\/soflowco.com\/#organization","name":"S\u00f6 Flow Co","url":"https:\/\/soflowco.com\/","logo":{"@type":"ImageObject","inLanguage":"en-US","@id":"https:\/\/soflowco.com\/#\/schema\/logo\/image\/","url":"https:\/\/soflowco.com\/wp-content\/uploads\/2021\/11\/Logo-home-200.jpg","contentUrl":"https:\/\/soflowco.com\/wp-content\/uploads\/2021\/11\/Logo-home-200.jpg","width":200,"height":100,"caption":"S\u00f6 Flow Co"},"image":{"@id":"https:\/\/soflowco.com\/#\/schema\/logo\/image\/"}}]}},"_links":{"self":[{"href":"https:\/\/soflowco.com\/en\/wp-json\/wp\/v2\/pages\/8887","targetHints":{"allow":["GET"]}}],"collection":[{"href":"https:\/\/soflowco.com\/en\/wp-json\/wp\/v2\/pages"}],"about":[{"href":"https:\/\/soflowco.com\/en\/wp-json\/wp\/v2\/types\/page"}],"author":[{"embeddable":true,"href":"https:\/\/soflowco.com\/en\/wp-json\/wp\/v2\/users\/11"}],"replies":[{"embeddable":true,"href":"https:\/\/soflowco.com\/en\/wp-json\/wp\/v2\/comments?post=8887"}],"version-history":[{"count":5,"href":"https:\/\/soflowco.com\/en\/wp-json\/wp\/v2\/pages\/8887\/revisions"}],"predecessor-version":[{"id":8893,"href":"https:\/\/soflowco.com\/en\/wp-json\/wp\/v2\/pages\/8887\/revisions\/8893"}],"wp:attachment":[{"href":"https:\/\/soflowco.com\/en\/wp-json\/wp\/v2\/media?parent=8887"}],"curies":[{"name":"wp","href":"https:\/\/api.w.org\/{rel}","templated":true}]}}