{"id":2528,"date":"2022-05-18T22:55:53","date_gmt":"2022-05-19T04:55:53","guid":{"rendered":"https:\/\/soflowco.com\/area-de-afiliados\/"},"modified":"2022-07-27T18:49:54","modified_gmt":"2022-07-28T00:49:54","slug":"socios-de-bienestar","status":"publish","type":"page","link":"https:\/\/soflowco.com\/en\/socios-de-bienestar\/","title":{"rendered":"Wellness Partners"},"content":{"rendered":"<form id=\"affwp-login-form\" class=\"affwp-form\" action=\"\" method=\"post\" data-trp-original-action=\"\">\n\t\t\t\n\t\t\t<fieldset>\n\t\t\t\t<legend>Log into your account<\/legend>\n\n\t\t\t\t\n\t\t\t\t<p>\n\t\t\t\t\t<label for=\"affwp-login-user-login\">Username<\/label>\n\t\t\t\t\t<input\n\t\t\t\t\t\tid=\"affwp-login-user-login\"\n\t\t\t\t\t\tclass=\"required\"\n\t\t\t\t\t\ttype=\"text\"\n\t\t\t\t\t\tname=\"affwp_user_login\"\n\t\t\t\t\t\ttitle=\"Username\"\n\t\t\t\t\t\tplaceholder=\"\"\n\t\t\t\t\t\/>\n\t\t\t\t<\/p>\n\n\t\t\t\t<p>\n\t\t\t\t\t<label for=\"affwp-login-user-pass\">Password<\/label>\n\t\t\t\t\t<input\n\t\t\t\t\t\tid=\"affwp-login-user-pass\"\n\t\t\t\t\t\tclass=\"password required\"\n\t\t\t\t\t\ttype=\"password\"\n\t\t\t\t\t\tname=\"affwp_user_pass\"\n\t\t\t\t\t\ttitle=\"Password\"\n\t\t\t\t\t\tplaceholder=\"\"\n\t\t\t\t\t\/>\n\t\t\t\t<\/p>\n\n\t\t\t\t<p>\n\t\t\t\t\t<label class=\"affwp-user-remember\" for=\"affwp-user-remember\">\n\t\t\t\t\t\t<input\n\t\t\t\t\t\t\tid=\"affwp-user-remember\"\n\t\t\t\t\t\t\ttype=\"checkbox\"\n\t\t\t\t\t\t\tname=\"affwp_user_remember\"\n\t\t\t\t\t\t\tvalue=\"1\"\n\t\t\t\t\t\t\/> Remember Me\t\t\t\t\t<\/label>\n\t\t\t\t<\/p>\n\n\t\t\t\t<p>\n\t\t\t\t\t\t\t\t\t\t<input type=\"hidden\" name=\"affwp_login_nonce\" value=\"463527c23d\"\/>\n\t\t\t\t\t<input type=\"hidden\" name=\"affwp_action\" value=\"user_login\"\/>\n\t\t\t\t\t<input type=\"submit\" class=\"button\" value=\"Log In\"\/>\n\t\t\t\t<\/p>\n\n\t\t\t\t<p class=\"affwp-lost-password\">\n\t\t\t\t\t<a href=\"https:\/\/soflowco.com\/en\/mi-cuenta\/lost-password\/\">Lost your password?<\/a>\n\t\t\t\t<\/p>\n\n\t\t\t\t\t\t\t<\/fieldset>\n\n\t\t\t\t\t<input type=\"hidden\" name=\"trp-form-language\" value=\"en\"\/><\/form>\n\n\t\t\r\n<p>&nbsp;<\/p>","protected":false},"excerpt":{"rendered":"<p>&nbsp;<\/p>","protected":false},"author":11,"featured_media":0,"parent":0,"menu_order":0,"comment_status":"closed","ping_status":"closed","template":"","meta":{"_joinchat":[],"footnotes":""},"class_list":["post-2528","page","type-page","status-publish","hentry"],"yoast_head":"<!-- This site is optimized with the Yoast SEO Premium plugin v24.0 (Yoast SEO v27.3) - https:\/\/yoast.com\/product\/yoast-seo-premium-wordpress\/ -->\n<title>Socios de Bienestar - S\u00f6 Flow Co<\/title>\n<meta name=\"description\" content=\"Convi\u00e9rtete en uno de nuestros socios de Bienestar, Af\u00edliate a nuestra compa\u00f1\u00eda de CBD en Costa Rica. Somos S\u00f6 Flow Co.\" \/>\n<meta name=\"robots\" content=\"index, follow, max-snippet:-1, max-image-preview:large, max-video-preview:-1\" \/>\n<link rel=\"canonical\" href=\"https:\/\/soflowco.com\/en\/socios-de-bienestar\/\" \/>\n<meta property=\"og:locale\" content=\"en_US\" \/>\n<meta property=\"og:type\" content=\"article\" \/>\n<meta property=\"og:title\" content=\"Socios de Bienestar\" \/>\n<meta property=\"og:description\" content=\"Convi\u00e9rtete en uno de nuestros socios de Bienestar, Af\u00edliate a nuestra compa\u00f1\u00eda de CBD en Costa Rica. Somos S\u00f6 Flow Co.\" \/>\n<meta property=\"og:url\" content=\"https:\/\/soflowco.com\/en\/socios-de-bienestar\/\" \/>\n<meta property=\"og:site_name\" content=\"S\u00f6 Flow Co\" \/>\n<meta property=\"article:modified_time\" content=\"2022-07-28T00:49:54+00:00\" \/>\n<meta name=\"twitter:card\" content=\"summary_large_image\" \/>\n<script type=\"application\/ld+json\" class=\"yoast-schema-graph\">{\"@context\":\"https:\\\/\\\/schema.org\",\"@graph\":[{\"@type\":\"WebPage\",\"@id\":\"https:\\\/\\\/soflowco.com\\\/socios-de-bienestar\\\/\",\"url\":\"https:\\\/\\\/soflowco.com\\\/socios-de-bienestar\\\/\",\"name\":\"Socios de Bienestar - S\u00f6 Flow Co\",\"isPartOf\":{\"@id\":\"https:\\\/\\\/soflowco.com\\\/#website\"},\"datePublished\":\"2022-05-19T04:55:53+00:00\",\"dateModified\":\"2022-07-28T00:49:54+00:00\",\"description\":\"Convi\u00e9rtete en uno de nuestros socios de Bienestar, Af\u00edliate a nuestra compa\u00f1\u00eda de CBD en Costa Rica. Somos S\u00f6 Flow Co.\",\"breadcrumb\":{\"@id\":\"https:\\\/\\\/soflowco.com\\\/socios-de-bienestar\\\/#breadcrumb\"},\"inLanguage\":\"en-US\",\"potentialAction\":[{\"@type\":\"ReadAction\",\"target\":[\"https:\\\/\\\/soflowco.com\\\/socios-de-bienestar\\\/\"]}]},{\"@type\":\"BreadcrumbList\",\"@id\":\"https:\\\/\\\/soflowco.com\\\/socios-de-bienestar\\\/#breadcrumb\",\"itemListElement\":[{\"@type\":\"ListItem\",\"position\":1,\"name\":\"Home\",\"item\":\"https:\\\/\\\/soflowco.com\\\/\"},{\"@type\":\"ListItem\",\"position\":2,\"name\":\"Socios de Bienestar\"}]},{\"@type\":\"WebSite\",\"@id\":\"https:\\\/\\\/soflowco.com\\\/#website\",\"url\":\"https:\\\/\\\/soflowco.com\\\/\",\"name\":\"S\u00f6 Flow Co\",\"description\":\"CBD Supplements\",\"publisher\":{\"@id\":\"https:\\\/\\\/soflowco.com\\\/#organization\"},\"potentialAction\":[{\"@type\":\"SearchAction\",\"target\":{\"@type\":\"EntryPoint\",\"urlTemplate\":\"https:\\\/\\\/soflowco.com\\\/?s={search_term_string}\"},\"query-input\":{\"@type\":\"PropertyValueSpecification\",\"valueRequired\":true,\"valueName\":\"search_term_string\"}}],\"inLanguage\":\"en-US\"},{\"@type\":\"Organization\",\"@id\":\"https:\\\/\\\/soflowco.com\\\/#organization\",\"name\":\"S\u00f6 Flow Co\",\"url\":\"https:\\\/\\\/soflowco.com\\\/\",\"logo\":{\"@type\":\"ImageObject\",\"inLanguage\":\"en-US\",\"@id\":\"https:\\\/\\\/soflowco.com\\\/#\\\/schema\\\/logo\\\/image\\\/\",\"url\":\"https:\\\/\\\/soflowco.com\\\/wp-content\\\/uploads\\\/2021\\\/11\\\/Logo-home-200.jpg\",\"contentUrl\":\"https:\\\/\\\/soflowco.com\\\/wp-content\\\/uploads\\\/2021\\\/11\\\/Logo-home-200.jpg\",\"width\":200,\"height\":100,\"caption\":\"S\u00f6 Flow Co\"},\"image\":{\"@id\":\"https:\\\/\\\/soflowco.com\\\/#\\\/schema\\\/logo\\\/image\\\/\"}}]}<\/script>\n<!-- \/ Yoast SEO Premium plugin. -->","yoast_head_json":{"title":"Socios de Bienestar - S\u00f6 Flow Co","description":"Convi\u00e9rtete en uno de nuestros socios de Bienestar, Af\u00edliate a nuestra compa\u00f1\u00eda de CBD en Costa Rica. Somos S\u00f6 Flow Co.","robots":{"index":"index","follow":"follow","max-snippet":"max-snippet:-1","max-image-preview":"max-image-preview:large","max-video-preview":"max-video-preview:-1"},"canonical":"https:\/\/soflowco.com\/en\/socios-de-bienestar\/","og_locale":"en_US","og_type":"article","og_title":"Socios de Bienestar","og_description":"Convi\u00e9rtete en uno de nuestros socios de Bienestar, Af\u00edliate a nuestra compa\u00f1\u00eda de CBD en Costa Rica. Somos S\u00f6 Flow Co.","og_url":"https:\/\/soflowco.com\/en\/socios-de-bienestar\/","og_site_name":"S\u00f6 Flow Co","article_modified_time":"2022-07-28T00:49:54+00:00","twitter_card":"summary_large_image","schema":{"@context":"https:\/\/schema.org","@graph":[{"@type":"WebPage","@id":"https:\/\/soflowco.com\/socios-de-bienestar\/","url":"https:\/\/soflowco.com\/socios-de-bienestar\/","name":"Socios de Bienestar - S\u00f6 Flow Co","isPartOf":{"@id":"https:\/\/soflowco.com\/#website"},"datePublished":"2022-05-19T04:55:53+00:00","dateModified":"2022-07-28T00:49:54+00:00","description":"Convi\u00e9rtete en uno de nuestros socios de Bienestar, Af\u00edliate a nuestra compa\u00f1\u00eda de CBD en Costa Rica. Somos S\u00f6 Flow Co.","breadcrumb":{"@id":"https:\/\/soflowco.com\/socios-de-bienestar\/#breadcrumb"},"inLanguage":"en-US","potentialAction":[{"@type":"ReadAction","target":["https:\/\/soflowco.com\/socios-de-bienestar\/"]}]},{"@type":"BreadcrumbList","@id":"https:\/\/soflowco.com\/socios-de-bienestar\/#breadcrumb","itemListElement":[{"@type":"ListItem","position":1,"name":"Home","item":"https:\/\/soflowco.com\/"},{"@type":"ListItem","position":2,"name":"Socios de Bienestar"}]},{"@type":"WebSite","@id":"https:\/\/soflowco.com\/#website","url":"https:\/\/soflowco.com\/","name":"S\u00f6 Flow Co","description":"CBD Supplements","publisher":{"@id":"https:\/\/soflowco.com\/#organization"},"potentialAction":[{"@type":"SearchAction","target":{"@type":"EntryPoint","urlTemplate":"https:\/\/soflowco.com\/?s={search_term_string}"},"query-input":{"@type":"PropertyValueSpecification","valueRequired":true,"valueName":"search_term_string"}}],"inLanguage":"en-US"},{"@type":"Organization","@id":"https:\/\/soflowco.com\/#organization","name":"S\u00f6 Flow Co","url":"https:\/\/soflowco.com\/","logo":{"@type":"ImageObject","inLanguage":"en-US","@id":"https:\/\/soflowco.com\/#\/schema\/logo\/image\/","url":"https:\/\/soflowco.com\/wp-content\/uploads\/2021\/11\/Logo-home-200.jpg","contentUrl":"https:\/\/soflowco.com\/wp-content\/uploads\/2021\/11\/Logo-home-200.jpg","width":200,"height":100,"caption":"S\u00f6 Flow Co"},"image":{"@id":"https:\/\/soflowco.com\/#\/schema\/logo\/image\/"}}]}},"_links":{"self":[{"href":"https:\/\/soflowco.com\/en\/wp-json\/wp\/v2\/pages\/2528","targetHints":{"allow":["GET"]}}],"collection":[{"href":"https:\/\/soflowco.com\/en\/wp-json\/wp\/v2\/pages"}],"about":[{"href":"https:\/\/soflowco.com\/en\/wp-json\/wp\/v2\/types\/page"}],"author":[{"embeddable":true,"href":"https:\/\/soflowco.com\/en\/wp-json\/wp\/v2\/users\/11"}],"replies":[{"embeddable":true,"href":"https:\/\/soflowco.com\/en\/wp-json\/wp\/v2\/comments?post=2528"}],"version-history":[{"count":2,"href":"https:\/\/soflowco.com\/en\/wp-json\/wp\/v2\/pages\/2528\/revisions"}],"predecessor-version":[{"id":2729,"href":"https:\/\/soflowco.com\/en\/wp-json\/wp\/v2\/pages\/2528\/revisions\/2729"}],"wp:attachment":[{"href":"https:\/\/soflowco.com\/en\/wp-json\/wp\/v2\/media?parent=2528"}],"curies":[{"name":"wp","href":"https:\/\/api.w.org\/{rel}","templated":true}]}}