{"id":1076,"date":"2021-11-19T22:55:07","date_gmt":"2021-11-19T22:55:07","guid":{"rendered":"https:\/\/soflowco.com\/?page_id=1076"},"modified":"2025-03-20T14:39:29","modified_gmt":"2025-03-20T20:39:29","slug":"terminos-y-condiciones","status":"publish","type":"page","link":"https:\/\/soflowco.com\/en\/terminos-y-condiciones\/","title":{"rendered":"Terms and Conditions"},"content":{"rendered":"<p><span style=\"color: #b29557;\"><strong>Introducci\u00f3n<\/strong><\/span><\/p>\n<p>Estos T\u00e9rminos y Condiciones, est\u00e1ndar del sitio web, escritos en esta p\u00e1gina gestionar\u00e1n su uso de nuestro sitio web, S\u00d6 FLOW CO. accesible en https:\/\/soflowco.com.<\/p>\n<p>Estos T\u00e9rminos se aplicar\u00e1n plenamente y afectar\u00e1n su uso de este sitio web. Al utilizar este sitio web, usted acept\u00f3 todos los t\u00e9rminos y condiciones escritos aqu\u00ed. No debe utilizar este sitio web si no est\u00e1 de acuerdo con cualquiera de estos T\u00e9rminos y condiciones est\u00e1ndar del sitio web.<\/p>\n<p><span style=\"color: #b29557;\"><strong>Derechos de Propiedad Intelectual<\/strong><\/span><\/p>\n<p>Aparte del contenido que usted posee, en virtud de estos T\u00e9rminos, S\u00d6 FLOW CO. y\/o sus licenciantes poseen todos los derechos de propiedad intelectual y materiales contenidos en este sitio web.<\/p>\n<p>Se le otorga una licencia limitada solo con el fin de ver el material contenido en este sitio web.<\/p>\n<p><span style=\"color: #b29557;\"><strong>Restricciones<\/strong><\/span><\/p>\n<ul>\n<li>Usted est\u00e1 espec\u00edficamente restringido de todo lo siguiente:<\/li>\n<li>Publicar cualquier material del sitio web en cualquier otro medio;<\/li>\n<li>Vender, sublicenciar y\/ o comercializar de otro modo cualquier material del sitio web;<\/li>\n<li>Realizar p\u00fablicamente y \/ o mostrar cualquier material del sitio web;<\/li>\n<li>Usar este sitio web de cualquier manera que sea o pueda ser perjudicial para este sitio web;<\/li>\n<li>Usar este sitio web de cualquier manera que afecte el acceso del usuario a este sitio web;<\/li>\n<li>El uso de este sitio web en contra de las leyes y regulaciones aplicables, o de cualquier manera puede causar da\u00f1o al sitio web, o a cualquier persona o entidad comercial;<\/li>\n<li>Participar en cualquier miner\u00eda de datos, recolecci\u00f3n de datos, extracci\u00f3n de datos o cualquier otra actividad similar en relaci\u00f3n con este sitio web;<\/li>\n<li>Uso de este sitio web para participar en cualquier publicidad o marketing.<\/li>\n<\/ul>\n<p>Ciertas \u00e1reas de este sitio web est\u00e1n restringidas para que usted acceda y S\u00d6 FLOW CO. puede restringir a\u00fan m\u00e1s el acceso suyo a cualquier \u00e1rea de este sitio web, en cualquier momento, a absoluta discreci\u00f3n. Cualquier ID de usuario y contrase\u00f1a que pueda tener para este sitio web es confidencial y tambi\u00e9n debe mantener la confidencialidad.<\/p>\n<p><span style=\"color: #b29557;\"><strong>Su contenido<\/strong><\/span><\/p>\n<p>En estos T\u00e9rminos y condiciones est\u00e1ndar del sitio web, &#8220;Su contenido&#8221; significar\u00e1 cualquier audio, texto de video, im\u00e1genes u otro material que elija mostrar en este sitio web. Al mostrar Su Contenido, usted otorga a S\u00d6 FLOW CO. una licencia no exclusiva, irrevocable a nivel mundial y sublicenciable para usarlo, reproducirlo, adaptarlo, publicarlo, traducirlo y distribuirlo en todos y cada uno de los medios.<\/p>\n<p>Su Contenido debe ser suyo y no debe invadir los derechos de terceros. S\u00d6 FLOW CO. se reserva el derecho de eliminar cualquiera de su contenido de este sitio web en cualquier momento sin previo aviso.<\/p>\n<p><span style=\"color: #b29557;\"><strong>Su privacidad<\/strong><\/span><\/p>\n<p>Por favor, lea la Pol\u00edtica de Privacidad.<\/p>\n<p><span style=\"color: #b29557;\"><strong>Sin garant\u00edas<\/strong><\/span><\/p>\n<p>Este sitio web se proporciona &#8220;tal cual&#8221;, con todas las fallas, y S\u00d6 FLOW CO. no expresa ninguna representaci\u00f3n o garant\u00eda, de ning\u00fan tipo relacionada con este sitio web o los materiales contenidos en este sitio web. Adem\u00e1s, nada de lo contenido en este sitio web se interpretar\u00e1 como un aviso.<\/p>\n<p><span style=\"color: #b29557;\"><strong>Limitaci\u00f3n de responsabilidad<\/strong><\/span><\/p>\n<p>En ning\u00fan caso S\u00d6 FLOW CO., ni ninguno de sus funcionarios, directores y empleados, ser\u00e1n responsables de nada que surja de o est\u00e9 relacionado de alguna manera con su uso de este sitio web, ya sea que dicha responsabilidad est\u00e9 bajo contrato. S\u00d6 FLOW CO., incluidos sus funcionarios, directores y empleados, no ser\u00e1 responsable de ninguna responsabilidad indirecta, consecuente o especial que surja de o est\u00e9 relacionada de alguna manera con su uso de este sitio web.<\/p>\n<p><span style=\"color: #b29557;\"><strong>Indemnizaci\u00f3n<\/strong><\/span><\/p>\n<p>Por la presente, usted indemniza en la mayor medida posible a S\u00d6 FLOW CO. de y contra cualquier y \/ o todas las responsabilidades, costos, demandas, causas de acci\u00f3n, da\u00f1os y gastos que surjan de cualquier manera relacionados con su incumplimiento de cualquiera de las disposiciones de estos T\u00e9rminos.<\/p>\n<p><span style=\"color: #b29557;\"><strong>Divisibilidad<\/strong><\/span><\/p>\n<p>Si alguna disposici\u00f3n de estos T\u00e9rminos se considera inv\u00e1lida en virtud de cualquier ley aplicable, dichas disposiciones se eliminar\u00e1n sin afectar las disposiciones restantes del presente documento.<\/p>\n<p><span style=\"color: #b29557;\"><strong>Variaci\u00f3n de los t\u00e9rminos<\/strong><\/span><\/p>\n<p>S\u00d6 FLOW CO. puede revisar estos T\u00e9rminos en cualquier momento que lo considere oportuno, y al utilizar este sitio web, se espera que revise estos T\u00e9rminos de forma regular.<\/p>\n<p><span style=\"color: #b29557;\"><strong>Asignaci\u00f3n<\/strong><\/span><\/p>\n<p>S\u00d6 FLOW CO. puede ceder, transferir y subcontratar sus derechos y\/u obligaciones en virtud de estos T\u00e9rminos sin ninguna notificaci\u00f3n. Sin embargo, no se le permite asignar, transferir o subcontratar ninguno de sus derechos y \/ u obligaciones en virtud de estos T\u00e9rminos.<\/p>\n<p><span style=\"color: #000000;\"><strong>Acuerdo completo<\/strong><\/span><\/p>\n<p>Estos T\u00e9rminos constituyen el acuerdo completo entre S\u00d6 FLOW CO. y usted en relaci\u00f3n con su uso de este sitio web, y reemplazan todos los acuerdos y entendimientos anteriores.<\/p>\n<p><span style=\"color: #000000;\"><strong>Ley aplicable y jurisdicci\u00f3n<\/strong><\/span><\/p>\n<p>Estos T\u00e9rminos se regir\u00e1n e interpretar\u00e1n de acuerdo con las leyes de Costa Rica, y usted se somete a la jurisdicci\u00f3n no exclusiva de los tribunales estatales y federales ubicados en Costa Rica para la resoluci\u00f3n de cualquier disputa.[\/fusion_text][\/fusion_builder_column][\/fusion_builder_row][\/fusion_builder_container]<\/p>\n\n\n<p><\/p>\n","protected":false},"excerpt":{"rendered":"<p>Introduction These standard website Terms and Conditions written on this page will govern your use of our website,<\/p>","protected":false},"author":11,"featured_media":0,"parent":0,"menu_order":0,"comment_status":"closed","ping_status":"closed","template":"","meta":{"_joinchat":[],"footnotes":""},"class_list":["post-1076","page","type-page","status-publish","hentry"],"yoast_head":"<!-- This site is optimized with the Yoast SEO Premium plugin v24.0 (Yoast SEO v27.3) - https:\/\/yoast.com\/product\/yoast-seo-premium-wordpress\/ -->\n<title>T\u00e9rminos y condiciones - S\u00f6 Flow Co<\/title>\n<meta name=\"description\" content=\"Estos T\u00e9rminos y Condiciones, est\u00e1ndar del sitio web, escritos en esta p\u00e1gina gestionar\u00e1n su uso de nuestro sitio web, S\u00d6 FLOW CO.\" \/>\n<meta name=\"robots\" content=\"index, follow, max-snippet:-1, max-image-preview:large, max-video-preview:-1\" \/>\n<link rel=\"canonical\" href=\"https:\/\/soflowco.com\/en\/terminos-y-condiciones\/\" \/>\n<meta property=\"og:locale\" content=\"en_US\" \/>\n<meta property=\"og:type\" content=\"article\" \/>\n<meta property=\"og:title\" content=\"T\u00e9rminos y condiciones - S\u00f6 Flow Co\" \/>\n<meta property=\"og:description\" content=\"Estos T\u00e9rminos y Condiciones, est\u00e1ndar del sitio web, escritos en esta p\u00e1gina gestionar\u00e1n su uso de nuestro sitio web, S\u00d6 FLOW CO.\" \/>\n<meta property=\"og:url\" content=\"https:\/\/soflowco.com\/en\/terminos-y-condiciones\/\" \/>\n<meta property=\"og:site_name\" content=\"S\u00f6 Flow Co\" \/>\n<meta property=\"article:modified_time\" content=\"2025-03-20T20:39:29+00:00\" \/>\n<meta property=\"og:image\" content=\"https:\/\/soflowco.com\/wp-content\/uploads\/2021\/11\/Logo-soflowco-22.png\" \/>\n\t<meta property=\"og:image:width\" content=\"300\" \/>\n\t<meta property=\"og:image:height\" content=\"120\" \/>\n\t<meta property=\"og:image:type\" content=\"image\/png\" \/>\n<meta name=\"twitter:card\" content=\"summary_large_image\" \/>\n<meta name=\"twitter:title\" content=\"T\u00e9rminos y condiciones - S\u00f6 Flow Co\" \/>\n<meta name=\"twitter:description\" content=\"Estos T\u00e9rminos y Condiciones, est\u00e1ndar del sitio web, escritos en esta p\u00e1gina gestionar\u00e1n su uso de nuestro sitio web, S\u00d6 FLOW CO.\" \/>\n<meta name=\"twitter:image\" content=\"https:\/\/soflowco.com\/wp-content\/uploads\/2021\/11\/Logo-soflowco-22.png\" \/>\n<meta name=\"twitter:label1\" content=\"Est. reading time\" \/>\n\t<meta name=\"twitter:data1\" content=\"4 minutes\" \/>\n<script type=\"application\/ld+json\" class=\"yoast-schema-graph\">{\"@context\":\"https:\\\/\\\/schema.org\",\"@graph\":[{\"@type\":\"WebPage\",\"@id\":\"https:\\\/\\\/soflowco.com\\\/terminos-y-condiciones\\\/\",\"url\":\"https:\\\/\\\/soflowco.com\\\/terminos-y-condiciones\\\/\",\"name\":\"T\u00e9rminos y condiciones - S\u00f6 Flow Co\",\"isPartOf\":{\"@id\":\"https:\\\/\\\/soflowco.com\\\/#website\"},\"datePublished\":\"2021-11-19T22:55:07+00:00\",\"dateModified\":\"2025-03-20T20:39:29+00:00\",\"description\":\"Estos T\u00e9rminos y Condiciones, est\u00e1ndar del sitio web, escritos en esta p\u00e1gina gestionar\u00e1n su uso de nuestro sitio web, S\u00d6 FLOW CO.\",\"breadcrumb\":{\"@id\":\"https:\\\/\\\/soflowco.com\\\/terminos-y-condiciones\\\/#breadcrumb\"},\"inLanguage\":\"en-US\",\"potentialAction\":[{\"@type\":\"ReadAction\",\"target\":[\"https:\\\/\\\/soflowco.com\\\/terminos-y-condiciones\\\/\"]}]},{\"@type\":\"BreadcrumbList\",\"@id\":\"https:\\\/\\\/soflowco.com\\\/terminos-y-condiciones\\\/#breadcrumb\",\"itemListElement\":[{\"@type\":\"ListItem\",\"position\":1,\"name\":\"Home\",\"item\":\"https:\\\/\\\/soflowco.com\\\/\"},{\"@type\":\"ListItem\",\"position\":2,\"name\":\"T\u00e9rminos y condiciones\"}]},{\"@type\":\"WebSite\",\"@id\":\"https:\\\/\\\/soflowco.com\\\/#website\",\"url\":\"https:\\\/\\\/soflowco.com\\\/\",\"name\":\"S\u00f6 Flow Co\",\"description\":\"CBD Supplements\",\"publisher\":{\"@id\":\"https:\\\/\\\/soflowco.com\\\/#organization\"},\"potentialAction\":[{\"@type\":\"SearchAction\",\"target\":{\"@type\":\"EntryPoint\",\"urlTemplate\":\"https:\\\/\\\/soflowco.com\\\/?s={search_term_string}\"},\"query-input\":{\"@type\":\"PropertyValueSpecification\",\"valueRequired\":true,\"valueName\":\"search_term_string\"}}],\"inLanguage\":\"en-US\"},{\"@type\":\"Organization\",\"@id\":\"https:\\\/\\\/soflowco.com\\\/#organization\",\"name\":\"S\u00f6 Flow Co\",\"url\":\"https:\\\/\\\/soflowco.com\\\/\",\"logo\":{\"@type\":\"ImageObject\",\"inLanguage\":\"en-US\",\"@id\":\"https:\\\/\\\/soflowco.com\\\/#\\\/schema\\\/logo\\\/image\\\/\",\"url\":\"https:\\\/\\\/soflowco.com\\\/wp-content\\\/uploads\\\/2021\\\/11\\\/Logo-home-200.jpg\",\"contentUrl\":\"https:\\\/\\\/soflowco.com\\\/wp-content\\\/uploads\\\/2021\\\/11\\\/Logo-home-200.jpg\",\"width\":200,\"height\":100,\"caption\":\"S\u00f6 Flow Co\"},\"image\":{\"@id\":\"https:\\\/\\\/soflowco.com\\\/#\\\/schema\\\/logo\\\/image\\\/\"}}]}<\/script>\n<!-- \/ Yoast SEO Premium plugin. -->","yoast_head_json":{"title":"Terms and Conditions - S\u00f6 Flow Co","description":"These Website Standard Terms and Conditions written on this webpage shall manage your use of our website, S\u00d6 FLOW CO.","robots":{"index":"index","follow":"follow","max-snippet":"max-snippet:-1","max-image-preview":"max-image-preview:large","max-video-preview":"max-video-preview:-1"},"canonical":"https:\/\/soflowco.com\/en\/terminos-y-condiciones\/","og_locale":"en_US","og_type":"article","og_title":"T\u00e9rminos y condiciones - S\u00f6 Flow Co","og_description":"Estos T\u00e9rminos y Condiciones, est\u00e1ndar del sitio web, escritos en esta p\u00e1gina gestionar\u00e1n su uso de nuestro sitio web, S\u00d6 FLOW CO.","og_url":"https:\/\/soflowco.com\/en\/terminos-y-condiciones\/","og_site_name":"S\u00f6 Flow Co","article_modified_time":"2025-03-20T20:39:29+00:00","og_image":[{"width":300,"height":120,"url":"https:\/\/soflowco.com\/wp-content\/uploads\/2021\/11\/Logo-soflowco-22.png","type":"image\/png"}],"twitter_card":"summary_large_image","twitter_title":"T\u00e9rminos y condiciones - S\u00f6 Flow Co","twitter_description":"Estos T\u00e9rminos y Condiciones, est\u00e1ndar del sitio web, escritos en esta p\u00e1gina gestionar\u00e1n su uso de nuestro sitio web, S\u00d6 FLOW CO.","twitter_image":"https:\/\/soflowco.com\/wp-content\/uploads\/2021\/11\/Logo-soflowco-22.png","twitter_misc":{"Est. reading time":"4 minutes"},"schema":{"@context":"https:\/\/schema.org","@graph":[{"@type":"WebPage","@id":"https:\/\/soflowco.com\/terminos-y-condiciones\/","url":"https:\/\/soflowco.com\/terminos-y-condiciones\/","name":"Terms and Conditions - S\u00f6 Flow Co","isPartOf":{"@id":"https:\/\/soflowco.com\/#website"},"datePublished":"2021-11-19T22:55:07+00:00","dateModified":"2025-03-20T20:39:29+00:00","description":"These Website Standard Terms and Conditions written on this webpage shall manage your use of our website, S\u00d6 FLOW CO.","breadcrumb":{"@id":"https:\/\/soflowco.com\/terminos-y-condiciones\/#breadcrumb"},"inLanguage":"en-US","potentialAction":[{"@type":"ReadAction","target":["https:\/\/soflowco.com\/terminos-y-condiciones\/"]}]},{"@type":"BreadcrumbList","@id":"https:\/\/soflowco.com\/terminos-y-condiciones\/#breadcrumb","itemListElement":[{"@type":"ListItem","position":1,"name":"Home","item":"https:\/\/soflowco.com\/"},{"@type":"ListItem","position":2,"name":"T\u00e9rminos y condiciones"}]},{"@type":"WebSite","@id":"https:\/\/soflowco.com\/#website","url":"https:\/\/soflowco.com\/","name":"S\u00f6 Flow Co","description":"CBD Supplements","publisher":{"@id":"https:\/\/soflowco.com\/#organization"},"potentialAction":[{"@type":"SearchAction","target":{"@type":"EntryPoint","urlTemplate":"https:\/\/soflowco.com\/?s={search_term_string}"},"query-input":{"@type":"PropertyValueSpecification","valueRequired":true,"valueName":"search_term_string"}}],"inLanguage":"en-US"},{"@type":"Organization","@id":"https:\/\/soflowco.com\/#organization","name":"S\u00f6 Flow Co","url":"https:\/\/soflowco.com\/","logo":{"@type":"ImageObject","inLanguage":"en-US","@id":"https:\/\/soflowco.com\/#\/schema\/logo\/image\/","url":"https:\/\/soflowco.com\/wp-content\/uploads\/2021\/11\/Logo-home-200.jpg","contentUrl":"https:\/\/soflowco.com\/wp-content\/uploads\/2021\/11\/Logo-home-200.jpg","width":200,"height":100,"caption":"S\u00f6 Flow Co"},"image":{"@id":"https:\/\/soflowco.com\/#\/schema\/logo\/image\/"}}]}},"_links":{"self":[{"href":"https:\/\/soflowco.com\/en\/wp-json\/wp\/v2\/pages\/1076","targetHints":{"allow":["GET"]}}],"collection":[{"href":"https:\/\/soflowco.com\/en\/wp-json\/wp\/v2\/pages"}],"about":[{"href":"https:\/\/soflowco.com\/en\/wp-json\/wp\/v2\/types\/page"}],"author":[{"embeddable":true,"href":"https:\/\/soflowco.com\/en\/wp-json\/wp\/v2\/users\/11"}],"replies":[{"embeddable":true,"href":"https:\/\/soflowco.com\/en\/wp-json\/wp\/v2\/comments?post=1076"}],"version-history":[{"count":8,"href":"https:\/\/soflowco.com\/en\/wp-json\/wp\/v2\/pages\/1076\/revisions"}],"predecessor-version":[{"id":8976,"href":"https:\/\/soflowco.com\/en\/wp-json\/wp\/v2\/pages\/1076\/revisions\/8976"}],"wp:attachment":[{"href":"https:\/\/soflowco.com\/en\/wp-json\/wp\/v2\/media?parent=1076"}],"curies":[{"name":"wp","href":"https:\/\/api.w.org\/{rel}","templated":true}]}}