{"id":1068,"date":"2021-11-19T22:51:44","date_gmt":"2021-11-19T22:51:44","guid":{"rendered":"https:\/\/soflowco.com\/?page_id=1068"},"modified":"2025-03-20T13:52:54","modified_gmt":"2025-03-20T19:52:54","slug":"la-co","status":"publish","type":"page","link":"https:\/\/soflowco.com\/en\/la-co\/","title":{"rendered":"The CO."},"content":{"rendered":"<div data-elementor-type=\"wp-page\" data-elementor-id=\"1068\" class=\"elementor elementor-1068\" data-elementor-post-type=\"page\">\n\t\t\t\t<div class=\"wd-negative-gap elementor-element elementor-element-1c8403e wd-section-stretch-content e-flex e-con-boxed e-con e-parent\" data-id=\"1c8403e\" data-element_type=\"container\" data-e-type=\"container\" data-settings=\"{&quot;background_background&quot;:&quot;classic&quot;}\">\n\t\t\t\t\t<div class=\"e-con-inner\">\n\t\t\t\t\t<\/div>\n\t\t\t\t<\/div>\n\t\t<div class=\"wd-negative-gap elementor-element elementor-element-649d773 wd-section-stretch e-flex e-con-boxed e-con e-parent\" data-id=\"649d773\" data-element_type=\"container\" data-e-type=\"container\">\n\t\t\t\t\t<div class=\"e-con-inner\">\n\t\t<div class=\"elementor-element elementor-element-de1897f e-con-full e-flex e-con e-child\" data-id=\"de1897f\" data-element_type=\"container\" data-e-type=\"container\">\n\t\t\t\t<div class=\"elementor-element elementor-element-3dadebf wd-width-100 elementor-widget elementor-widget-wd_title\" data-id=\"3dadebf\" data-element_type=\"widget\" data-e-type=\"widget\" data-widget_type=\"wd_title.default\">\n\t\t\t\t<div class=\"elementor-widget-container\">\n\t\t\t\t\t\t\t<div class=\"title-wrapper wd-set-mb reset-last-child wd-title-color-primary wd-title-style-default wd-title-size-large text-center\">\n\n\t\t\t\n\t\t\t<div class=\"liner-continer\">\n\t\t\t\t<h1 class=\"woodmart-title-container title wd-fontsize-xxl\">S\u00d6 FLOW CO.<br \/>\n<\/h1> \n\t\t\t\t\t\t\t<\/div>\n\n\t\t\t\t\t<\/div>\n\t\t\t\t\t\t<\/div>\n\t\t\t\t<\/div>\n\t\t\t\t<div class=\"elementor-element elementor-element-833fe4c elementor-widget elementor-widget-wd_text_block\" data-id=\"833fe4c\" data-element_type=\"widget\" data-e-type=\"widget\" data-widget_type=\"wd_text_block.default\">\n\t\t\t\t<div class=\"elementor-widget-container\">\n\t\t\t\t\t\t\t<div class=\"wd-text-block reset-last-child text-center\">\n\t\t\t\n\t\t\t<p>Monica and Barbara share a passion for alternative, natural and holistic medicine. That and their belief in alternative and innovative education allowed them to become friends long before starting S\u00f6 Flow Co. Their strong belief in the incredible health benefits of CBD and their desire to bring this wonderful product to Central America was the impetus for starting S\u00f6 Flow Co. Together they bring many years of experience in multiple fields, including being avid consumers of high quality health products.<\/p>\n\t\t\t\t\t<\/div>\n\t\t\t\t\t\t<\/div>\n\t\t\t\t<\/div>\n\t\t\t\t<div class=\"elementor-element elementor-element-b986f46 elementor-widget elementor-widget-image\" data-id=\"b986f46\" data-element_type=\"widget\" data-e-type=\"widget\" data-widget_type=\"image.default\">\n\t\t\t\t\t\t\t\t\t\t\t\t\t\t\t<img decoding=\"async\" width=\"1000\" height=\"667\" src=\"https:\/\/soflowco.com\/wp-content\/uploads\/2021\/11\/Monica-and-Barbara.jpg\" class=\"attachment-full size-full wp-image-1470\" alt=\"\" srcset=\"https:\/\/soflowco.com\/wp-content\/uploads\/2021\/11\/Monica-and-Barbara.jpg 1000w, https:\/\/soflowco.com\/wp-content\/uploads\/2021\/11\/Monica-and-Barbara-500x334.jpg 500w, https:\/\/soflowco.com\/wp-content\/uploads\/2021\/11\/Monica-and-Barbara-150x100.jpg 150w, https:\/\/soflowco.com\/wp-content\/uploads\/2021\/11\/Monica-and-Barbara-700x467.jpg 700w, https:\/\/soflowco.com\/wp-content\/uploads\/2021\/11\/Monica-and-Barbara-300x200.jpg 300w, https:\/\/soflowco.com\/wp-content\/uploads\/2021\/11\/Monica-and-Barbara-768x512.jpg 768w, https:\/\/soflowco.com\/wp-content\/uploads\/2021\/11\/Monica-and-Barbara-200x133.jpg 200w, https:\/\/soflowco.com\/wp-content\/uploads\/2021\/11\/Monica-and-Barbara-400x267.jpg 400w, https:\/\/soflowco.com\/wp-content\/uploads\/2021\/11\/Monica-and-Barbara-600x400.jpg 600w, https:\/\/soflowco.com\/wp-content\/uploads\/2021\/11\/Monica-and-Barbara-800x534.jpg 800w\" sizes=\"(max-width: 1000px) 100vw, 1000px\" \/>\t\t\t\t\t\t\t\t\t\t\t\t\t\t\t<\/div>\n\t\t\t\t<\/div>\n\t\t\t\t\t<\/div>\n\t\t\t\t<\/div>\n\t\t<div class=\"wd-negative-gap elementor-element elementor-element-8b40d96 e-flex e-con-boxed e-con e-parent\" data-id=\"8b40d96\" data-element_type=\"container\" data-e-type=\"container\">\n\t\t\t\t\t<div class=\"e-con-inner\">\n\t\t\t\t<div class=\"elementor-element elementor-element-f9a3875 wd-width-100 elementor-widget elementor-widget-wd_title\" data-id=\"f9a3875\" data-element_type=\"widget\" data-e-type=\"widget\" data-widget_type=\"wd_title.default\">\n\t\t\t\t<div class=\"elementor-widget-container\">\n\t\t\t\t\t\t\t<div class=\"title-wrapper wd-set-mb reset-last-child wd-title-color-primary wd-title-style-default wd-title-size-large text-center\">\n\n\t\t\t\n\t\t\t<div class=\"liner-continer\">\n\t\t\t\t<h2 class=\"woodmart-title-container title wd-fontsize-xxl\">MEET OUR EXPERTS AND WRITERS<\/h2> \n\t\t\t\t\t\t\t<\/div>\n\n\t\t\t\t\t<\/div>\n\t\t\t\t\t\t<\/div>\n\t\t\t\t<\/div>\n\t\t\t\t\t<\/div>\n\t\t\t\t<\/div>\n\t\t<div class=\"wd-negative-gap elementor-element elementor-element-3075b01 e-flex e-con-boxed e-con e-parent\" data-id=\"3075b01\" data-element_type=\"container\" data-e-type=\"container\">\n\t\t\t\t\t<div class=\"e-con-inner\">\n\t\t<div class=\"elementor-element elementor-element-7b592f0 e-con-full e-flex e-con e-child\" data-id=\"7b592f0\" data-element_type=\"container\" data-e-type=\"container\">\n\t\t\t\t<div class=\"elementor-element elementor-element-334c6ef elementor-widget elementor-widget-wd_image_or_svg\" data-id=\"334c6ef\" data-element_type=\"widget\" data-e-type=\"widget\" data-widget_type=\"wd_image_or_svg.default\">\n\t\t\t\t<div class=\"elementor-widget-container\">\n\t\t\t\t\t\n\t\t<div class=\"wd-image text-center\">\n\t\t\t\t\t\t\t\t<img decoding=\"async\" width=\"300\" height=\"300\" src=\"https:\/\/soflowco.com\/wp-content\/uploads\/2021\/11\/SUSAN-GAIL-FARKAS-300x300.png\" class=\"attachment-medium size-medium\" alt=\"\" srcset=\"https:\/\/soflowco.com\/wp-content\/uploads\/2021\/11\/SUSAN-GAIL-FARKAS-300x300.png 300w, https:\/\/soflowco.com\/wp-content\/uploads\/2021\/11\/SUSAN-GAIL-FARKAS-500x500.png 500w, https:\/\/soflowco.com\/wp-content\/uploads\/2021\/11\/SUSAN-GAIL-FARKAS-150x150.png 150w, https:\/\/soflowco.com\/wp-content\/uploads\/2021\/11\/SUSAN-GAIL-FARKAS-700x699.png 700w, https:\/\/soflowco.com\/wp-content\/uploads\/2021\/11\/SUSAN-GAIL-FARKAS-768x767.png 768w, https:\/\/soflowco.com\/wp-content\/uploads\/2021\/11\/SUSAN-GAIL-FARKAS-66x66.png 66w, https:\/\/soflowco.com\/wp-content\/uploads\/2021\/11\/SUSAN-GAIL-FARKAS-200x200.png 200w, https:\/\/soflowco.com\/wp-content\/uploads\/2021\/11\/SUSAN-GAIL-FARKAS-400x400.png 400w, https:\/\/soflowco.com\/wp-content\/uploads\/2021\/11\/SUSAN-GAIL-FARKAS-600x599.png 600w, https:\/\/soflowco.com\/wp-content\/uploads\/2021\/11\/SUSAN-GAIL-FARKAS-800x799.png 800w, https:\/\/soflowco.com\/wp-content\/uploads\/2021\/11\/SUSAN-GAIL-FARKAS.png 1001w\" sizes=\"(max-width: 300px) 100vw, 300px\" \/>\t\t\t\t\t<\/div>\n\n\t\t\t\t\t\t<\/div>\n\t\t\t\t<\/div>\n\t\t\t\t<\/div>\n\t\t<div class=\"elementor-element elementor-element-3fddd4e e-con-full e-flex e-con e-child\" data-id=\"3fddd4e\" data-element_type=\"container\" data-e-type=\"container\">\n\t\t\t\t<div class=\"elementor-element elementor-element-da9d75a wd-width-100 elementor-widget elementor-widget-wd_title\" data-id=\"da9d75a\" data-element_type=\"widget\" data-e-type=\"widget\" data-widget_type=\"wd_title.default\">\n\t\t\t\t<div class=\"elementor-widget-container\">\n\t\t\t\t\t\t\t<div class=\"title-wrapper wd-set-mb reset-last-child wd-title-color-primary wd-title-style-default wd-title-size-large text-left\">\n\n\t\t\t\n\t\t\t<div class=\"liner-continer\">\n\t\t\t\t<h3 class=\"woodmart-title-container title wd-fontsize-xxl\">SUSAN GAIL FARKAS<\/h3> \n\t\t\t\t\t\t\t<\/div>\n\n\t\t\t\t\t<\/div>\n\t\t\t\t\t\t<\/div>\n\t\t\t\t<\/div>\n\t\t\t\t<div class=\"elementor-element elementor-element-8b5d30d elementor-widget elementor-widget-wd_text_block\" data-id=\"8b5d30d\" data-element_type=\"widget\" data-e-type=\"widget\" data-widget_type=\"wd_text_block.default\">\n\t\t\t\t<div class=\"elementor-widget-container\">\n\t\t\t\t\t\t\t<div class=\"wd-text-block reset-last-child text-left\">\n\t\t\t\n\t\t\t<p>Susan Farkas is a graduate of the Acupuncture Program of the School of Traditional Chinese Medicine in Israel, also a certified Chinese Herbalist and Shiatsu therapist in Israel. She supplemented her clinical studies with an internship at the Hangzhou Hospital of Traditional Chinese Medicine in Zhenjiang province of the Republic of China, in the departments of Acupuncture, Massage and TCM Internal Medicine.<\/p><p>She recently received training to practice Health Counseling at the Institute for Integrative Nutrition in New York City. She is certified by the American Association of Drug Free Practitioners and earned Continuing Education Units from Purchase College, State of New York.<br \/>New York University.<\/p><p>As a health coach and educator, Susan brings compassion and dedication to her work. She takes into consideration the interaction of the physical, mental, emotional and spiritual dimensions of the individual when developing a personalized recommendation plan based on nutrition, supplementation and emotional support. Her vision is to improve the well-being of individuals through education and motivation, addressing good Lifestyle, Nutrition and Fitness.<\/p>\n\t\t\t\t\t<\/div>\n\t\t\t\t\t\t<\/div>\n\t\t\t\t<\/div>\n\t\t\t\t<\/div>\n\t\t\t\t\t<\/div>\n\t\t\t\t<\/div>\n\t\t<div class=\"wd-negative-gap elementor-element elementor-element-79bdb58 e-flex e-con-boxed e-con e-parent\" data-id=\"79bdb58\" data-element_type=\"container\" data-e-type=\"container\">\n\t\t\t\t\t<div class=\"e-con-inner\">\n\t\t<div class=\"elementor-element elementor-element-3e25f26 e-con-full e-flex e-con e-child\" data-id=\"3e25f26\" data-element_type=\"container\" data-e-type=\"container\">\n\t\t\t\t<div class=\"elementor-element elementor-element-7fcb5a7 elementor-widget elementor-widget-wd_image_or_svg\" data-id=\"7fcb5a7\" data-element_type=\"widget\" data-e-type=\"widget\" data-widget_type=\"wd_image_or_svg.default\">\n\t\t\t\t<div class=\"elementor-widget-container\">\n\t\t\t\t\t\n\t\t<div class=\"wd-image text-center\">\n\t\t\t\t\t\t\t\t<img decoding=\"async\" width=\"300\" height=\"300\" src=\"https:\/\/soflowco.com\/wp-content\/uploads\/2021\/11\/DRA.-PATRICIA-MADRIGAL-300x300.png\" class=\"attachment-medium size-medium\" alt=\"\" srcset=\"https:\/\/soflowco.com\/wp-content\/uploads\/2021\/11\/DRA.-PATRICIA-MADRIGAL-300x300.png 300w, https:\/\/soflowco.com\/wp-content\/uploads\/2021\/11\/DRA.-PATRICIA-MADRIGAL-500x500.png 500w, https:\/\/soflowco.com\/wp-content\/uploads\/2021\/11\/DRA.-PATRICIA-MADRIGAL-150x150.png 150w, https:\/\/soflowco.com\/wp-content\/uploads\/2021\/11\/DRA.-PATRICIA-MADRIGAL-700x699.png 700w, https:\/\/soflowco.com\/wp-content\/uploads\/2021\/11\/DRA.-PATRICIA-MADRIGAL-768x767.png 768w, https:\/\/soflowco.com\/wp-content\/uploads\/2021\/11\/DRA.-PATRICIA-MADRIGAL-66x66.png 66w, https:\/\/soflowco.com\/wp-content\/uploads\/2021\/11\/DRA.-PATRICIA-MADRIGAL-200x200.png 200w, https:\/\/soflowco.com\/wp-content\/uploads\/2021\/11\/DRA.-PATRICIA-MADRIGAL-400x400.png 400w, https:\/\/soflowco.com\/wp-content\/uploads\/2021\/11\/DRA.-PATRICIA-MADRIGAL-600x599.png 600w, https:\/\/soflowco.com\/wp-content\/uploads\/2021\/11\/DRA.-PATRICIA-MADRIGAL-800x799.png 800w, https:\/\/soflowco.com\/wp-content\/uploads\/2021\/11\/DRA.-PATRICIA-MADRIGAL.png 1001w\" sizes=\"(max-width: 300px) 100vw, 300px\" \/>\t\t\t\t\t<\/div>\n\n\t\t\t\t\t\t<\/div>\n\t\t\t\t<\/div>\n\t\t\t\t<\/div>\n\t\t<div class=\"elementor-element elementor-element-3ea144f e-con-full e-flex e-con e-child\" data-id=\"3ea144f\" data-element_type=\"container\" data-e-type=\"container\">\n\t\t\t\t<div class=\"elementor-element elementor-element-aed629d wd-width-100 elementor-widget elementor-widget-wd_title\" data-id=\"aed629d\" data-element_type=\"widget\" data-e-type=\"widget\" data-widget_type=\"wd_title.default\">\n\t\t\t\t<div class=\"elementor-widget-container\">\n\t\t\t\t\t\t\t<div class=\"title-wrapper wd-set-mb reset-last-child wd-title-color-primary wd-title-style-default wd-title-size-large text-left\">\n\n\t\t\t\n\t\t\t<div class=\"liner-continer\">\n\t\t\t\t<h3 class=\"woodmart-title-container title wd-fontsize-xxl\">DRA. PATRICIA MADRIGAL<\/h3> \n\t\t\t\t\t\t\t<\/div>\n\n\t\t\t\t\t<\/div>\n\t\t\t\t\t\t<\/div>\n\t\t\t\t<\/div>\n\t\t\t\t<div class=\"elementor-element elementor-element-5921779 elementor-widget elementor-widget-wd_text_block\" data-id=\"5921779\" data-element_type=\"widget\" data-e-type=\"widget\" data-widget_type=\"wd_text_block.default\">\n\t\t\t\t<div class=\"elementor-widget-container\">\n\t\t\t\t\t\t\t<div class=\"wd-text-block reset-last-child text-left\">\n\t\t\t\n\t\t\t<p>Patricia Madrigal is a Homeopathic Physician - children - adolescents - adults. Her passion is Integrative Medicine, Intestinal Dysbiosis, Microbiota, Menopause.<br \/>Neural Therapy, Syntergetic Therapy, Orthomolecular Serums. Patricia searches each patient for the true cause of the disease and speaks English, Spanish, French and Italian.<\/p><p>Titles<\/p><ul><li>Master's Degree in Integral Nutritional Supplementation<\/li><li>School of Integrative Health - Madrid, Spain (January 2019 - January 2020)Certification in Functional Medicine<\/li><li>Institute for Functional Medicine (January 2019 - January 2020) Master's Degree in Orthomolecular Supplementation<\/li><li>Escuela de Salud Integral - Madrid, Spain (January 2019 - January 2020) Master in Neural Therapy and Neurofocal Dentistry<\/li><li>University of Barcelona (January 2016 - January 2018) Master's degree in comprehensive drug use prevention.<\/li><li>Universidad Veracruzana (January 2012 - January 2014) Master's Degree in Homeopathy<\/li><li>University of Paris XIII (January 2005 - January 2007) Postgraduate in Psychiatry<\/li><li>University of Paris XIII (January 2002 - January 2004) Bachelor's Degree in Medicine and General Surgery<\/li><li>International University of the Americas (January 1997 - January 2002)<\/li><\/ul>\n\t\t\t\t\t<\/div>\n\t\t\t\t\t\t<\/div>\n\t\t\t\t<\/div>\n\t\t\t\t<\/div>\n\t\t\t\t\t<\/div>\n\t\t\t\t<\/div>\n\t\t<div class=\"wd-negative-gap elementor-element elementor-element-a567952 e-flex e-con-boxed e-con e-parent\" data-id=\"a567952\" data-element_type=\"container\" data-e-type=\"container\">\n\t\t\t\t\t<div class=\"e-con-inner\">\n\t\t\t\t<div class=\"elementor-element elementor-element-8504dfb elementor-widget elementor-widget-wd_button\" data-id=\"8504dfb\" data-element_type=\"widget\" data-e-type=\"widget\" data-widget_type=\"wd_button.default\">\n\t\t\t\t<div class=\"elementor-widget-container\">\n\t\t\t\t\t\t\t<div class=\"wd-button-wrapper text-center\" >\n\t\t\t<a class=\"btn btn-style-bordered btn-shape-rectangle btn-size-default btn-color-primary btn-icon-pos-right\"  href=\"https:\/\/soflowco.com\/en\/articulos-sobre-cbd\/\">\n\t\t\t\t<span class=\"wd-btn-text\" data-elementor-setting-key=\"text\">\n\t\t\t\t\tVisit our blog\t\t\t\t<\/span>\n\n\t\t\t\t\t\t\t<\/a>\n\t\t<\/div>\n\t\t\t\t\t\t<\/div>\n\t\t\t\t<\/div>\n\t\t\t\t\t<\/div>\n\t\t\t\t<\/div>\n\t\t\t\t<\/div>","protected":false},"excerpt":{"rendered":"<p>S\u00d6 FLOW CO. Monica and Barbara share a passion for alternative and natural medicine and holistic medicine. That<\/p>","protected":false},"author":11,"featured_media":0,"parent":0,"menu_order":0,"comment_status":"closed","ping_status":"open","template":"","meta":{"_joinchat":[],"footnotes":""},"class_list":["post-1068","page","type-page","status-publish","hentry"],"yoast_head":"<!-- This site is optimized with the Yoast SEO Premium plugin v24.0 (Yoast SEO v27.3) - https:\/\/yoast.com\/product\/yoast-seo-premium-wordpress\/ -->\n<title>S\u00f6 Flow Co - Compa\u00f1\u00eda de CBD en Costa Rica - S\u00f6 Flow Co<\/title>\n<meta name=\"description\" content=\"Somos S\u00f6 Flow Co, compa\u00f1\u00eda de CBD en Costa Rica, una empresa dedicada a la venta de aceite de CBD de alta calidad.\" \/>\n<meta name=\"robots\" content=\"index, follow, max-snippet:-1, max-image-preview:large, max-video-preview:-1\" \/>\n<link rel=\"canonical\" href=\"https:\/\/soflowco.com\/en\/la-co\/\" \/>\n<meta property=\"og:locale\" content=\"en_US\" \/>\n<meta property=\"og:type\" content=\"article\" \/>\n<meta property=\"og:title\" content=\"Compa\u00f1\u00eda de CBD de amplio espectro en Costa Rica - S\u00f6 Flow Co\" \/>\n<meta property=\"og:description\" content=\"Conozca los incre\u00edbles beneficios del CBD, somos S\u00f6 Flow Co, una empresa dedicada a la venta de aceite de CBD de alta calidad en Costa Rica.\" \/>\n<meta property=\"og:url\" content=\"https:\/\/soflowco.com\/en\/la-co\/\" \/>\n<meta property=\"og:site_name\" content=\"S\u00f6 Flow Co\" \/>\n<meta property=\"article:modified_time\" content=\"2025-03-20T19:52:54+00:00\" \/>\n<meta property=\"og:image\" content=\"https:\/\/soflowco.com\/wp-content\/uploads\/2022\/07\/noche-cbd-soflow.jpeg\" \/>\n\t<meta property=\"og:image:width\" content=\"1200\" \/>\n\t<meta property=\"og:image:height\" content=\"1200\" \/>\n\t<meta property=\"og:image:type\" content=\"image\/jpeg\" \/>\n<meta name=\"twitter:card\" content=\"summary_large_image\" \/>\n<meta name=\"twitter:title\" content=\"Compa\u00f1\u00eda de CBD de amplio espectro en Costa Rica - S\u00f6 Flow Co\" \/>\n<meta name=\"twitter:description\" content=\"Conozca los incre\u00edbles beneficios del CBD, somos S\u00f6 Flow Co, una empresa dedicada a la venta de aceite de CBD de alta calidad en Costa Rica.\" \/>\n<meta name=\"twitter:label1\" content=\"Est. reading time\" \/>\n\t<meta name=\"twitter:data1\" content=\"3 minutes\" \/>\n<script type=\"application\/ld+json\" class=\"yoast-schema-graph\">{\"@context\":\"https:\\\/\\\/schema.org\",\"@graph\":[{\"@type\":\"WebPage\",\"@id\":\"https:\\\/\\\/soflowco.com\\\/la-co\\\/\",\"url\":\"https:\\\/\\\/soflowco.com\\\/la-co\\\/\",\"name\":\"S\u00f6 Flow Co - Compa\u00f1\u00eda de CBD en Costa Rica - S\u00f6 Flow Co\",\"isPartOf\":{\"@id\":\"https:\\\/\\\/soflowco.com\\\/#website\"},\"primaryImageOfPage\":{\"@id\":\"https:\\\/\\\/soflowco.com\\\/la-co\\\/#primaryimage\"},\"image\":{\"@id\":\"https:\\\/\\\/soflowco.com\\\/la-co\\\/#primaryimage\"},\"thumbnailUrl\":\"https:\\\/\\\/soflowco.com\\\/wp-content\\\/uploads\\\/2021\\\/11\\\/Monica-and-Barbara.jpg\",\"datePublished\":\"2021-11-19T22:51:44+00:00\",\"dateModified\":\"2025-03-20T19:52:54+00:00\",\"description\":\"Somos S\u00f6 Flow Co, compa\u00f1\u00eda de CBD en Costa Rica, una empresa dedicada a la venta de aceite de CBD de alta calidad.\",\"breadcrumb\":{\"@id\":\"https:\\\/\\\/soflowco.com\\\/la-co\\\/#breadcrumb\"},\"inLanguage\":\"en-US\",\"potentialAction\":[{\"@type\":\"ReadAction\",\"target\":[\"https:\\\/\\\/soflowco.com\\\/la-co\\\/\"]}]},{\"@type\":\"ImageObject\",\"inLanguage\":\"en-US\",\"@id\":\"https:\\\/\\\/soflowco.com\\\/la-co\\\/#primaryimage\",\"url\":\"https:\\\/\\\/soflowco.com\\\/wp-content\\\/uploads\\\/2021\\\/11\\\/Monica-and-Barbara.jpg\",\"contentUrl\":\"https:\\\/\\\/soflowco.com\\\/wp-content\\\/uploads\\\/2021\\\/11\\\/Monica-and-Barbara.jpg\"},{\"@type\":\"BreadcrumbList\",\"@id\":\"https:\\\/\\\/soflowco.com\\\/la-co\\\/#breadcrumb\",\"itemListElement\":[{\"@type\":\"ListItem\",\"position\":1,\"name\":\"Home\",\"item\":\"https:\\\/\\\/soflowco.com\\\/\"},{\"@type\":\"ListItem\",\"position\":2,\"name\":\"La CO.\"}]},{\"@type\":\"WebSite\",\"@id\":\"https:\\\/\\\/soflowco.com\\\/#website\",\"url\":\"https:\\\/\\\/soflowco.com\\\/\",\"name\":\"S\u00f6 Flow Co\",\"description\":\"CBD Supplements\",\"publisher\":{\"@id\":\"https:\\\/\\\/soflowco.com\\\/#organization\"},\"potentialAction\":[{\"@type\":\"SearchAction\",\"target\":{\"@type\":\"EntryPoint\",\"urlTemplate\":\"https:\\\/\\\/soflowco.com\\\/?s={search_term_string}\"},\"query-input\":{\"@type\":\"PropertyValueSpecification\",\"valueRequired\":true,\"valueName\":\"search_term_string\"}}],\"inLanguage\":\"en-US\"},{\"@type\":\"Organization\",\"@id\":\"https:\\\/\\\/soflowco.com\\\/#organization\",\"name\":\"S\u00f6 Flow Co\",\"url\":\"https:\\\/\\\/soflowco.com\\\/\",\"logo\":{\"@type\":\"ImageObject\",\"inLanguage\":\"en-US\",\"@id\":\"https:\\\/\\\/soflowco.com\\\/#\\\/schema\\\/logo\\\/image\\\/\",\"url\":\"https:\\\/\\\/soflowco.com\\\/wp-content\\\/uploads\\\/2021\\\/11\\\/Logo-home-200.jpg\",\"contentUrl\":\"https:\\\/\\\/soflowco.com\\\/wp-content\\\/uploads\\\/2021\\\/11\\\/Logo-home-200.jpg\",\"width\":200,\"height\":100,\"caption\":\"S\u00f6 Flow Co\"},\"image\":{\"@id\":\"https:\\\/\\\/soflowco.com\\\/#\\\/schema\\\/logo\\\/image\\\/\"}}]}<\/script>\n<!-- \/ Yoast SEO Premium plugin. -->","yoast_head_json":{"title":"S\u00f6 Flow Co - Compa\u00f1\u00eda de CBD en Costa Rica - S\u00f6 Flow Co","description":"Somos S\u00f6 Flow Co, compa\u00f1\u00eda de CBD en Costa Rica, una empresa dedicada a la venta de aceite de CBD de alta calidad.","robots":{"index":"index","follow":"follow","max-snippet":"max-snippet:-1","max-image-preview":"max-image-preview:large","max-video-preview":"max-video-preview:-1"},"canonical":"https:\/\/soflowco.com\/en\/la-co\/","og_locale":"en_US","og_type":"article","og_title":"Compa\u00f1\u00eda de CBD de amplio espectro en Costa Rica - S\u00f6 Flow Co","og_description":"Conozca los incre\u00edbles beneficios del CBD, somos S\u00f6 Flow Co, una empresa dedicada a la venta de aceite de CBD de alta calidad en Costa Rica.","og_url":"https:\/\/soflowco.com\/en\/la-co\/","og_site_name":"S\u00f6 Flow Co","article_modified_time":"2025-03-20T19:52:54+00:00","og_image":[{"width":1200,"height":1200,"url":"https:\/\/soflowco.com\/wp-content\/uploads\/2022\/07\/noche-cbd-soflow.jpeg","type":"image\/jpeg"}],"twitter_card":"summary_large_image","twitter_title":"Compa\u00f1\u00eda de CBD de amplio espectro en Costa Rica - S\u00f6 Flow Co","twitter_description":"Conozca los incre\u00edbles beneficios del CBD, somos S\u00f6 Flow Co, una empresa dedicada a la venta de aceite de CBD de alta calidad en Costa Rica.","twitter_misc":{"Est. reading time":"3 minutes"},"schema":{"@context":"https:\/\/schema.org","@graph":[{"@type":"WebPage","@id":"https:\/\/soflowco.com\/la-co\/","url":"https:\/\/soflowco.com\/la-co\/","name":"S\u00f6 Flow Co - Compa\u00f1\u00eda de CBD en Costa Rica - S\u00f6 Flow Co","isPartOf":{"@id":"https:\/\/soflowco.com\/#website"},"primaryImageOfPage":{"@id":"https:\/\/soflowco.com\/la-co\/#primaryimage"},"image":{"@id":"https:\/\/soflowco.com\/la-co\/#primaryimage"},"thumbnailUrl":"https:\/\/soflowco.com\/wp-content\/uploads\/2021\/11\/Monica-and-Barbara.jpg","datePublished":"2021-11-19T22:51:44+00:00","dateModified":"2025-03-20T19:52:54+00:00","description":"Somos S\u00f6 Flow Co, compa\u00f1\u00eda de CBD en Costa Rica, una empresa dedicada a la venta de aceite de CBD de alta calidad.","breadcrumb":{"@id":"https:\/\/soflowco.com\/la-co\/#breadcrumb"},"inLanguage":"en-US","potentialAction":[{"@type":"ReadAction","target":["https:\/\/soflowco.com\/la-co\/"]}]},{"@type":"ImageObject","inLanguage":"en-US","@id":"https:\/\/soflowco.com\/la-co\/#primaryimage","url":"https:\/\/soflowco.com\/wp-content\/uploads\/2021\/11\/Monica-and-Barbara.jpg","contentUrl":"https:\/\/soflowco.com\/wp-content\/uploads\/2021\/11\/Monica-and-Barbara.jpg"},{"@type":"BreadcrumbList","@id":"https:\/\/soflowco.com\/la-co\/#breadcrumb","itemListElement":[{"@type":"ListItem","position":1,"name":"Home","item":"https:\/\/soflowco.com\/"},{"@type":"ListItem","position":2,"name":"La CO."}]},{"@type":"WebSite","@id":"https:\/\/soflowco.com\/#website","url":"https:\/\/soflowco.com\/","name":"S\u00f6 Flow Co","description":"CBD Supplements","publisher":{"@id":"https:\/\/soflowco.com\/#organization"},"potentialAction":[{"@type":"SearchAction","target":{"@type":"EntryPoint","urlTemplate":"https:\/\/soflowco.com\/?s={search_term_string}"},"query-input":{"@type":"PropertyValueSpecification","valueRequired":true,"valueName":"search_term_string"}}],"inLanguage":"en-US"},{"@type":"Organization","@id":"https:\/\/soflowco.com\/#organization","name":"S\u00f6 Flow Co","url":"https:\/\/soflowco.com\/","logo":{"@type":"ImageObject","inLanguage":"en-US","@id":"https:\/\/soflowco.com\/#\/schema\/logo\/image\/","url":"https:\/\/soflowco.com\/wp-content\/uploads\/2021\/11\/Logo-home-200.jpg","contentUrl":"https:\/\/soflowco.com\/wp-content\/uploads\/2021\/11\/Logo-home-200.jpg","width":200,"height":100,"caption":"S\u00f6 Flow Co"},"image":{"@id":"https:\/\/soflowco.com\/#\/schema\/logo\/image\/"}}]}},"_links":{"self":[{"href":"https:\/\/soflowco.com\/en\/wp-json\/wp\/v2\/pages\/1068","targetHints":{"allow":["GET"]}}],"collection":[{"href":"https:\/\/soflowco.com\/en\/wp-json\/wp\/v2\/pages"}],"about":[{"href":"https:\/\/soflowco.com\/en\/wp-json\/wp\/v2\/types\/page"}],"author":[{"embeddable":true,"href":"https:\/\/soflowco.com\/en\/wp-json\/wp\/v2\/users\/11"}],"replies":[{"embeddable":true,"href":"https:\/\/soflowco.com\/en\/wp-json\/wp\/v2\/comments?post=1068"}],"version-history":[{"count":36,"href":"https:\/\/soflowco.com\/en\/wp-json\/wp\/v2\/pages\/1068\/revisions"}],"predecessor-version":[{"id":8933,"href":"https:\/\/soflowco.com\/en\/wp-json\/wp\/v2\/pages\/1068\/revisions\/8933"}],"wp:attachment":[{"href":"https:\/\/soflowco.com\/en\/wp-json\/wp\/v2\/media?parent=1068"}],"curies":[{"name":"wp","href":"https:\/\/api.w.org\/{rel}","templated":true}]}}